{"id":4477,"date":"2020-02-07T11:58:52","date_gmt":"2020-02-07T10:58:52","guid":{"rendered":"https:\/\/turismodeleon.com\/?post_type=product&#038;p=4477"},"modified":"2025-11-14T11:40:12","modified_gmt":"2025-11-14T10:40:12","slug":"visita-guiada-astorga-a-la-carta","status":"publish","type":"product","link":"https:\/\/turismodeleon.com\/de\/producto\/visita-guiada-astorga-a-la-carta\/","title":{"rendered":"Visita guiada: Astorga a la carta"},"content":{"rendered":"<p>\u00a1Astorga sorprende!. Dejate gu\u00edar por uno de nuestros gu\u00edas oficiales de Castilla y Le\u00f3n en un lugar \u00fanico. Astorga no deja indiferente a nadie, por su historia, sus tradiciones, sus impresionantes<br \/>\nmonumentos&#8230;<\/p>\n<p>Una peque\u00f1a ciudad adecuada para todos los p\u00fablicos y que sin duda, har\u00e1 tambi\u00e9n las delicias de los m\u00e1s peque\u00f1os. Distancias cortas y un gran patrimonio, convierten a Astorga en un lugar perfecto<br \/>\npara poder disfrutar mucho la visita, sin grandes desplazamientos y de una manera muy c\u00f3moda.<\/p>\n<p>Con esta opci\u00f3n, podemos crear un recorrido a medida. Una vez que recibamos tu petici\u00f3n, prepararemos una visita en exclusiva para ti, asesor\u00e1ndote sobre monumentos visitables y precios de<br \/>\nentradas. Tu eliges el punto de encuentro y uno de nuestros experimentados gu\u00edas te acompa\u00f1ar\u00e1 durante el recorrido. En funci\u00f3n de tus gustos y horario, dise\u00f1aremos el itinerario m\u00e1s adecuado.<\/p>\n<p>La duraci\u00f3n tambi\u00e9n la eliges tu, con un m\u00e1ximo de 2h30min.<\/p>\n<p>La experiencia de Astorga a la Carta puede ser para ti, para tu familia, para grupos de amigos o para empresas que buscan algo diferente y especial.<\/p>\n<ul>\n<li>Te asesoraremos sobre la posibilidad de ver los espacios de inter\u00e9s, dise\u00f1ando el mejor itinerario<\/li>\n<li>Gestionamos la adquisici\u00f3n de entradas a museos y monumentos para ver durante la visita guiada<\/li>\n<\/ul>\n<p>&nbsp;<\/p>\n<ul>\n<li>Punto de inicio: D\u00f3nde t\u00fa elijas<\/li>\n<li>Idiomas disponibles: espa\u00f1ol\/ingles\/franc\u00e9s\/italiano\/alem\u00e1n<\/li>\n<li>Horario: Cuando t\u00fa quieras<\/li>\n<li>Duraci\u00f3n: La que t\u00fa propongas, hasta 2h30min<\/li>\n<li>Tama\u00f1o del grupo:\n<ul>\n<li>de 2 a 5 personas&#8230;.85 \u20ac<\/li>\n<li>de 6 a 10 personas&#8230;.95 \u20ac<\/li>\n<li>de 11 a 15 peronas&#8230;.110 \u20ac<\/li>\n<\/ul>\n<\/li>\n<\/ul>\n","protected":false},"excerpt":{"rendered":"<p>Astorga es una ciudad ideal para quienes buscan lugares con encanto especial. Con nuestro recorrido a medida, nos adaptamos completamente a tus intereses y preferencias. Disfrutar\u00e1s de todo lo que Astorga puede ofrecer acompa\u00f1ado por uno de nuestros gu\u00edas oficiales acreditados. En esta modalidad de visita <strong>el precio es por grupo<\/strong>, no por persona. Indica el n\u00famero de participantes y aparecer\u00e1 la tarifa adecuada.&hellip; <a class=\"kt-excerpt-readmore more-link\" href=\"https:\/\/turismodeleon.com\/de\/producto\/visita-guiada-astorga-a-la-carta\/\">Read More<\/a><\/p>\n","protected":false},"featured_media":439,"comment_status":"open","ping_status":"closed","template":"","meta":{"kt_blocks_editor_width":"","_exactmetrics_skip_tracking":false,"_exactmetrics_sitenote_active":false,"_exactmetrics_sitenote_note":"","_exactmetrics_sitenote_category":0},"product_brand":[],"product_cat":[72,70],"product_tag":[],"class_list":{"0":"post-4477","1":"product","2":"type-product","3":"status-publish","4":"has-post-thumbnail","6":"product_cat-visita-para-grupos","7":"product_cat-visitas-guiadas","9":"first","10":"instock","11":"purchasable","12":"product-type-variable"},"yoast_head":"<!-- This site is optimized with the Yoast SEO plugin v26.6 - https:\/\/yoast.com\/wordpress\/plugins\/seo\/ -->\n<title>Visita guiada: Astorga a la carta - Turismo de Le\u00f3n<\/title>\n<meta name=\"description\" content=\"Astorga es una ciudad ideal para quienes buscan lugares con encanto especial. Con nuestro recorrido a medida, nos adaptamos completamente a tus intereses y preferencias. Disfrutar\u00e1s de todo lo que Astorga puede ofrecer acompa\u00f1ado por uno de nuestros gu\u00edas oficiales acreditados.\" \/>\n<meta name=\"robots\" content=\"index, follow, max-snippet:-1, max-image-preview:large, max-video-preview:-1\" \/>\n<link rel=\"canonical\" href=\"https:\/\/turismodeleon.com\/de\/producto\/visita-guiada-astorga-a-la-carta\/\" \/>\n<meta property=\"og:locale\" content=\"de_DE\" \/>\n<meta property=\"og:type\" content=\"article\" \/>\n<meta property=\"og:title\" content=\"Visita guiada: Astorga a la carta - Turismo de Le\u00f3n\" \/>\n<meta property=\"og:description\" content=\"Astorga es una ciudad ideal para quienes buscan lugares con encanto especial. Con nuestro recorrido a medida, nos adaptamos completamente a tus intereses y preferencias. Disfrutar\u00e1s de todo lo que Astorga puede ofrecer acompa\u00f1ado por uno de nuestros gu\u00edas oficiales acreditados.\" \/>\n<meta property=\"og:url\" content=\"https:\/\/turismodeleon.com\/de\/producto\/visita-guiada-astorga-a-la-carta\/\" \/>\n<meta property=\"og:site_name\" content=\"Turismo de Le\u00f3n\" \/>\n<meta property=\"article:modified_time\" content=\"2025-11-14T10:40:12+00:00\" \/>\n<meta property=\"og:image\" content=\"https:\/\/turismodeleon.com\/wp-content\/uploads\/2018\/05\/astorga-083-scaled.jpg\" \/>\n\t<meta property=\"og:image:width\" content=\"2560\" \/>\n\t<meta property=\"og:image:height\" content=\"1920\" \/>\n\t<meta property=\"og:image:type\" content=\"image\/jpeg\" \/>\n<meta name=\"twitter:card\" content=\"summary_large_image\" \/>\n<meta name=\"twitter:label1\" content=\"Gesch\u00e4tzte Lesezeit\" \/>\n\t<meta name=\"twitter:data1\" content=\"1\u00a0Minute\" \/>\n<script type=\"application\/ld+json\" class=\"yoast-schema-graph\">{\"@context\":\"https:\/\/schema.org\",\"@graph\":[{\"@type\":\"WebPage\",\"@id\":\"https:\/\/turismodeleon.com\/de\/producto\/visita-guiada-astorga-a-la-carta\/\",\"url\":\"https:\/\/turismodeleon.com\/de\/producto\/visita-guiada-astorga-a-la-carta\/\",\"name\":\"Visita guiada: Astorga a la carta - Turismo de Le\u00f3n\",\"isPartOf\":{\"@id\":\"https:\/\/turismodeleon.com\/de\/#website\"},\"primaryImageOfPage\":{\"@id\":\"https:\/\/turismodeleon.com\/de\/producto\/visita-guiada-astorga-a-la-carta\/#primaryimage\"},\"image\":{\"@id\":\"https:\/\/turismodeleon.com\/de\/producto\/visita-guiada-astorga-a-la-carta\/#primaryimage\"},\"thumbnailUrl\":\"https:\/\/turismodeleon.com\/wp-content\/uploads\/2018\/05\/astorga-083-scaled.jpg\",\"datePublished\":\"2020-02-07T10:58:52+00:00\",\"dateModified\":\"2025-11-14T10:40:12+00:00\",\"description\":\"Astorga es una ciudad ideal para quienes buscan lugares con encanto especial. Con nuestro recorrido a medida, nos adaptamos completamente a tus intereses y preferencias. Disfrutar\u00e1s de todo lo que Astorga puede ofrecer acompa\u00f1ado por uno de nuestros gu\u00edas oficiales acreditados.\",\"breadcrumb\":{\"@id\":\"https:\/\/turismodeleon.com\/de\/producto\/visita-guiada-astorga-a-la-carta\/#breadcrumb\"},\"inLanguage\":\"de\",\"potentialAction\":[{\"@type\":\"ReadAction\",\"target\":[\"https:\/\/turismodeleon.com\/de\/producto\/visita-guiada-astorga-a-la-carta\/\"]}]},{\"@type\":\"ImageObject\",\"inLanguage\":\"de\",\"@id\":\"https:\/\/turismodeleon.com\/de\/producto\/visita-guiada-astorga-a-la-carta\/#primaryimage\",\"url\":\"https:\/\/turismodeleon.com\/wp-content\/uploads\/2018\/05\/astorga-083-scaled.jpg\",\"contentUrl\":\"https:\/\/turismodeleon.com\/wp-content\/uploads\/2018\/05\/astorga-083-scaled.jpg\",\"width\":2560,\"height\":1920,\"caption\":\"OLYMPUS DIGITAL CAMERA\"},{\"@type\":\"BreadcrumbList\",\"@id\":\"https:\/\/turismodeleon.com\/de\/producto\/visita-guiada-astorga-a-la-carta\/#breadcrumb\",\"itemListElement\":[{\"@type\":\"ListItem\",\"position\":1,\"name\":\"Home\",\"item\":\"https:\/\/turismodeleon.com\/de\/\"},{\"@type\":\"ListItem\",\"position\":2,\"name\":\"Online-Buchungsportal\",\"item\":\"https:\/\/turismodeleon.com\/de\/online-buchungsportal\/\"},{\"@type\":\"ListItem\",\"position\":3,\"name\":\"Visita guiada: Astorga a la carta\"}]},{\"@type\":\"WebSite\",\"@id\":\"https:\/\/turismodeleon.com\/de\/#website\",\"url\":\"https:\/\/turismodeleon.com\/de\/\",\"name\":\"Turismo de Le\u00f3n\",\"description\":\"\",\"publisher\":{\"@id\":\"https:\/\/turismodeleon.com\/de\/#organization\"},\"potentialAction\":[{\"@type\":\"SearchAction\",\"target\":{\"@type\":\"EntryPoint\",\"urlTemplate\":\"https:\/\/turismodeleon.com\/de\/?s={search_term_string}\"},\"query-input\":{\"@type\":\"PropertyValueSpecification\",\"valueRequired\":true,\"valueName\":\"search_term_string\"}}],\"inLanguage\":\"de\"},{\"@type\":\"Organization\",\"@id\":\"https:\/\/turismodeleon.com\/de\/#organization\",\"name\":\"Turismo de Le\u00f3n\",\"url\":\"https:\/\/turismodeleon.com\/de\/\",\"logo\":{\"@type\":\"ImageObject\",\"inLanguage\":\"de\",\"@id\":\"https:\/\/turismodeleon.com\/de\/#\/schema\/logo\/image\/\",\"url\":\"https:\/\/turismodeleon.com\/wp-content\/uploads\/2018\/05\/logo.png\",\"contentUrl\":\"https:\/\/turismodeleon.com\/wp-content\/uploads\/2018\/05\/logo.png\",\"width\":2095,\"height\":2101,\"caption\":\"Turismo de Le\u00f3n\"},\"image\":{\"@id\":\"https:\/\/turismodeleon.com\/de\/#\/schema\/logo\/image\/\"}}]}<\/script>\n<!-- \/ Yoast SEO plugin. -->","yoast_head_json":{"title":"Visita guiada: Astorga a la carta - Turismo de Le\u00f3n","description":"Astorga es una ciudad ideal para quienes buscan lugares con encanto especial. Con nuestro recorrido a medida, nos adaptamos completamente a tus intereses y preferencias. Disfrutar\u00e1s de todo lo que Astorga puede ofrecer acompa\u00f1ado por uno de nuestros gu\u00edas oficiales acreditados.","robots":{"index":"index","follow":"follow","max-snippet":"max-snippet:-1","max-image-preview":"max-image-preview:large","max-video-preview":"max-video-preview:-1"},"canonical":"https:\/\/turismodeleon.com\/de\/producto\/visita-guiada-astorga-a-la-carta\/","og_locale":"de_DE","og_type":"article","og_title":"Visita guiada: Astorga a la carta - Turismo de Le\u00f3n","og_description":"Astorga es una ciudad ideal para quienes buscan lugares con encanto especial. Con nuestro recorrido a medida, nos adaptamos completamente a tus intereses y preferencias. Disfrutar\u00e1s de todo lo que Astorga puede ofrecer acompa\u00f1ado por uno de nuestros gu\u00edas oficiales acreditados.","og_url":"https:\/\/turismodeleon.com\/de\/producto\/visita-guiada-astorga-a-la-carta\/","og_site_name":"Turismo de Le\u00f3n","article_modified_time":"2025-11-14T10:40:12+00:00","og_image":[{"width":2560,"height":1920,"url":"https:\/\/turismodeleon.com\/wp-content\/uploads\/2018\/05\/astorga-083-scaled.jpg","type":"image\/jpeg"}],"twitter_card":"summary_large_image","twitter_misc":{"Gesch\u00e4tzte Lesezeit":"1\u00a0Minute"},"schema":{"@context":"https:\/\/schema.org","@graph":[{"@type":"WebPage","@id":"https:\/\/turismodeleon.com\/de\/producto\/visita-guiada-astorga-a-la-carta\/","url":"https:\/\/turismodeleon.com\/de\/producto\/visita-guiada-astorga-a-la-carta\/","name":"Visita guiada: Astorga a la carta - Turismo de Le\u00f3n","isPartOf":{"@id":"https:\/\/turismodeleon.com\/de\/#website"},"primaryImageOfPage":{"@id":"https:\/\/turismodeleon.com\/de\/producto\/visita-guiada-astorga-a-la-carta\/#primaryimage"},"image":{"@id":"https:\/\/turismodeleon.com\/de\/producto\/visita-guiada-astorga-a-la-carta\/#primaryimage"},"thumbnailUrl":"https:\/\/turismodeleon.com\/wp-content\/uploads\/2018\/05\/astorga-083-scaled.jpg","datePublished":"2020-02-07T10:58:52+00:00","dateModified":"2025-11-14T10:40:12+00:00","description":"Astorga es una ciudad ideal para quienes buscan lugares con encanto especial. Con nuestro recorrido a medida, nos adaptamos completamente a tus intereses y preferencias. Disfrutar\u00e1s de todo lo que Astorga puede ofrecer acompa\u00f1ado por uno de nuestros gu\u00edas oficiales acreditados.","breadcrumb":{"@id":"https:\/\/turismodeleon.com\/de\/producto\/visita-guiada-astorga-a-la-carta\/#breadcrumb"},"inLanguage":"de","potentialAction":[{"@type":"ReadAction","target":["https:\/\/turismodeleon.com\/de\/producto\/visita-guiada-astorga-a-la-carta\/"]}]},{"@type":"ImageObject","inLanguage":"de","@id":"https:\/\/turismodeleon.com\/de\/producto\/visita-guiada-astorga-a-la-carta\/#primaryimage","url":"https:\/\/turismodeleon.com\/wp-content\/uploads\/2018\/05\/astorga-083-scaled.jpg","contentUrl":"https:\/\/turismodeleon.com\/wp-content\/uploads\/2018\/05\/astorga-083-scaled.jpg","width":2560,"height":1920,"caption":"OLYMPUS DIGITAL CAMERA"},{"@type":"BreadcrumbList","@id":"https:\/\/turismodeleon.com\/de\/producto\/visita-guiada-astorga-a-la-carta\/#breadcrumb","itemListElement":[{"@type":"ListItem","position":1,"name":"Home","item":"https:\/\/turismodeleon.com\/de\/"},{"@type":"ListItem","position":2,"name":"Online-Buchungsportal","item":"https:\/\/turismodeleon.com\/de\/online-buchungsportal\/"},{"@type":"ListItem","position":3,"name":"Visita guiada: Astorga a la carta"}]},{"@type":"WebSite","@id":"https:\/\/turismodeleon.com\/de\/#website","url":"https:\/\/turismodeleon.com\/de\/","name":"Turismo de Le\u00f3n","description":"","publisher":{"@id":"https:\/\/turismodeleon.com\/de\/#organization"},"potentialAction":[{"@type":"SearchAction","target":{"@type":"EntryPoint","urlTemplate":"https:\/\/turismodeleon.com\/de\/?s={search_term_string}"},"query-input":{"@type":"PropertyValueSpecification","valueRequired":true,"valueName":"search_term_string"}}],"inLanguage":"de"},{"@type":"Organization","@id":"https:\/\/turismodeleon.com\/de\/#organization","name":"Turismo de Le\u00f3n","url":"https:\/\/turismodeleon.com\/de\/","logo":{"@type":"ImageObject","inLanguage":"de","@id":"https:\/\/turismodeleon.com\/de\/#\/schema\/logo\/image\/","url":"https:\/\/turismodeleon.com\/wp-content\/uploads\/2018\/05\/logo.png","contentUrl":"https:\/\/turismodeleon.com\/wp-content\/uploads\/2018\/05\/logo.png","width":2095,"height":2101,"caption":"Turismo de Le\u00f3n"},"image":{"@id":"https:\/\/turismodeleon.com\/de\/#\/schema\/logo\/image\/"}}]}},"_links":{"self":[{"href":"https:\/\/turismodeleon.com\/de\/wp-json\/wp\/v2\/product\/4477","targetHints":{"allow":["GET"]}}],"collection":[{"href":"https:\/\/turismodeleon.com\/de\/wp-json\/wp\/v2\/product"}],"about":[{"href":"https:\/\/turismodeleon.com\/de\/wp-json\/wp\/v2\/types\/product"}],"replies":[{"embeddable":true,"href":"https:\/\/turismodeleon.com\/de\/wp-json\/wp\/v2\/comments?post=4477"}],"wp:featuredmedia":[{"embeddable":true,"href":"https:\/\/turismodeleon.com\/de\/wp-json\/wp\/v2\/media\/439"}],"wp:attachment":[{"href":"https:\/\/turismodeleon.com\/de\/wp-json\/wp\/v2\/media?parent=4477"}],"wp:term":[{"taxonomy":"product_brand","embeddable":true,"href":"https:\/\/turismodeleon.com\/de\/wp-json\/wp\/v2\/product_brand?post=4477"},{"taxonomy":"product_cat","embeddable":true,"href":"https:\/\/turismodeleon.com\/de\/wp-json\/wp\/v2\/product_cat?post=4477"},{"taxonomy":"product_tag","embeddable":true,"href":"https:\/\/turismodeleon.com\/de\/wp-json\/wp\/v2\/product_tag?post=4477"}],"curies":[{"name":"wp","href":"https:\/\/api.w.org\/{rel}","templated":true}]}}