{"id":3862,"date":"2020-01-17T11:43:23","date_gmt":"2020-01-17T10:43:23","guid":{"rendered":"https:\/\/turismodeleon.com\/?post_type=product&#038;p=3862"},"modified":"2025-11-14T11:44:05","modified_gmt":"2025-11-14T10:44:05","slug":"leon-a-a-carta","status":"publish","type":"product","link":"https:\/\/turismodeleon.com\/en\/producto\/leon-a-a-carta\/","title":{"rendered":"Visita guiada: Le\u00f3n a la carta"},"content":{"rendered":"<p>Le\u00f3n es una ciudad que ofrece infinitas posibilidades. En Turismo de Le\u00f3n ponemos a tu alcance la posibilidad de recorrer la ciudad y conocerla en profundidad con una visita guiada adaptada a tus<br \/>\ngustos e intereses.<\/p>\n<p>Rincones \u00fanicos y verdaderas joyas, ocultas durante siglos, hacen que Le\u00f3n siga siendo un lugar evocador que invita a ser descubierto.<\/p>\n<p>Con esta opci\u00f3n, podemos crear la visita a medida. Tan s\u00f3lo debes elegir los lugares que consideres interesantes para ti, y un gu\u00eda oficial habilitado por Castilla y Le\u00f3n, te acompa\u00f1ar\u00e1 a descubrirlo. En<br \/>\nfunci\u00f3n de tus gustos, dise\u00f1aremos un itinerario para cumplir con tus expectativas.<\/p>\n<p>Una vez que recibamos tu petici\u00f3n, prepararemos una visita en exclusiva para ti, asesor\u00e1ndote sobre monumentos visitables, accesibilidad y precios de entradas. Comenzamos desde el lugar que<br \/>\nprefieras dentro de la ciudad de Le\u00f3n y en el horario que desees. La duraci\u00f3n tambi\u00e9n la eliges tu, con un m\u00e1ximo de 2h30min.<\/p>\n<p>La experiencia de Le\u00f3n a la Carta puede ser para ti, para tu familia, para grupos de amigos o para empresas que buscan algo diferente y especial.<\/p>\n<ul>\n<li>Te asesoraremos sobre la posibilidad de ver los espacios de inter\u00e9s dise\u00f1ando el mejor itinerario.<\/li>\n<li>Gestionamos la adquisici\u00f3n de entradas a museos y monumentos para ver durante la visita guiada.<\/li>\n<\/ul>\n<p>&nbsp;<\/p>\n<ul>\n<li>Punto de inicio: D\u00f3nde t\u00fa elijas<\/li>\n<li>Idiomas disponibles: espa\u00f1ol\/ingles\/franc\u00e9s\/italiano\/alem\u00e1n<\/li>\n<li>Horario: Cuando t\u00fa quieras<\/li>\n<li>Duraci\u00f3n: La que t\u00fa propongas, hasta 2h30min<\/li>\n<li>Precio por tama\u00f1o del grupo:\n<ul>\n<li>de 2 a 5 personas&#8230;.85 \u20ac<\/li>\n<li>de 6 a 10 personas&#8230;.95 \u20ac<\/li>\n<li>de 11-15 personas&#8230;.115 \u20ac<\/li>\n<\/ul>\n<\/li>\n<\/ul>\n","protected":false},"excerpt":{"rendered":"<p>Un recorrido a medida, en el cu\u00e1l tu eliges la hora de comienzo, el lugar de encuentro y el enfoque de la visita. Nos adaptamos completamente a tus intereses y preferencias. Descubre Le\u00f3n en profundidad de la mejor manera posible, acompa\u00f1ado por personal con experiencia, alta formaci\u00f3n y pasi\u00f3n por su tierra. En esta modalidad de visita, <strong>el precio es por grupo<\/strong>, no por persona. Indica el n\u00famero de participantes en la visita y aparecer\u00e1 la tarifa adecuada.&hellip; <a class=\"kt-excerpt-readmore more-link\" href=\"https:\/\/turismodeleon.com\/en\/producto\/leon-a-a-carta\/\">Read More<\/a><\/p>\n","protected":false},"featured_media":491,"comment_status":"open","ping_status":"closed","template":"","meta":{"kt_blocks_editor_width":"","_exactmetrics_skip_tracking":false,"_exactmetrics_sitenote_active":false,"_exactmetrics_sitenote_note":"","_exactmetrics_sitenote_category":0},"product_brand":[],"product_cat":[72,70],"product_tag":[],"class_list":{"0":"post-3862","1":"product","2":"type-product","3":"status-publish","4":"has-post-thumbnail","6":"product_cat-visita-para-grupos","7":"product_cat-visitas-guiadas","9":"first","10":"onbackorder","11":"purchasable","12":"product-type-variable"},"yoast_head":"<!-- This site is optimized with the Yoast SEO plugin v26.6 - https:\/\/yoast.com\/wordpress\/plugins\/seo\/ -->\n<title>Visita guiada: Le\u00f3n a la carta - Turismo de Le\u00f3n<\/title>\n<meta name=\"description\" content=\"Un recorrido a medida, en el cu\u00e1l tu eliges la hora de comienzo, el lugar de encuentro y el enfoque de la visita. Nos adaptamos completamente a tus intereses y preferencias. Descubre Le\u00f3n en profundidad de la mejor manera posible, acompa\u00f1ado por personal con experiencia, alta formaci\u00f3n y pasi\u00f3n por su tierra.\" \/>\n<meta name=\"robots\" content=\"index, follow, max-snippet:-1, max-image-preview:large, max-video-preview:-1\" \/>\n<link rel=\"canonical\" href=\"https:\/\/turismodeleon.com\/en\/producto\/leon-a-a-carta\/\" \/>\n<meta property=\"og:locale\" content=\"en_US\" \/>\n<meta property=\"og:type\" content=\"article\" \/>\n<meta property=\"og:title\" content=\"Visita guiada: Le\u00f3n a la carta - Turismo de Le\u00f3n\" \/>\n<meta property=\"og:description\" content=\"Un recorrido a medida, en el cu\u00e1l tu eliges la hora de comienzo, el lugar de encuentro y el enfoque de la visita. Nos adaptamos completamente a tus intereses y preferencias. Descubre Le\u00f3n en profundidad de la mejor manera posible, acompa\u00f1ado por personal con experiencia, alta formaci\u00f3n y pasi\u00f3n por su tierra.\" \/>\n<meta property=\"og:url\" content=\"https:\/\/turismodeleon.com\/en\/producto\/leon-a-a-carta\/\" \/>\n<meta property=\"og:site_name\" content=\"Turismo de Le\u00f3n\" \/>\n<meta property=\"article:modified_time\" content=\"2025-11-14T10:44:05+00:00\" \/>\n<meta property=\"og:image\" content=\"https:\/\/turismodeleon.com\/wp-content\/uploads\/2018\/05\/leon-49-scaled.jpg\" \/>\n\t<meta property=\"og:image:width\" content=\"1920\" \/>\n\t<meta property=\"og:image:height\" content=\"2560\" \/>\n\t<meta property=\"og:image:type\" content=\"image\/jpeg\" \/>\n<meta name=\"twitter:card\" content=\"summary_large_image\" \/>\n<meta name=\"twitter:label1\" content=\"Est. reading time\" \/>\n\t<meta name=\"twitter:data1\" content=\"1 minute\" \/>\n<script type=\"application\/ld+json\" class=\"yoast-schema-graph\">{\"@context\":\"https:\/\/schema.org\",\"@graph\":[{\"@type\":\"WebPage\",\"@id\":\"https:\/\/turismodeleon.com\/en\/producto\/leon-a-a-carta\/\",\"url\":\"https:\/\/turismodeleon.com\/en\/producto\/leon-a-a-carta\/\",\"name\":\"Visita guiada: Le\u00f3n a la carta - Turismo de Le\u00f3n\",\"isPartOf\":{\"@id\":\"https:\/\/turismodeleon.com\/en\/#website\"},\"primaryImageOfPage\":{\"@id\":\"https:\/\/turismodeleon.com\/en\/producto\/leon-a-a-carta\/#primaryimage\"},\"image\":{\"@id\":\"https:\/\/turismodeleon.com\/en\/producto\/leon-a-a-carta\/#primaryimage\"},\"thumbnailUrl\":\"https:\/\/turismodeleon.com\/wp-content\/uploads\/2018\/05\/leon-49-scaled.jpg\",\"datePublished\":\"2020-01-17T10:43:23+00:00\",\"dateModified\":\"2025-11-14T10:44:05+00:00\",\"description\":\"Un recorrido a medida, en el cu\u00e1l tu eliges la hora de comienzo, el lugar de encuentro y el enfoque de la visita. Nos adaptamos completamente a tus intereses y preferencias. Descubre Le\u00f3n en profundidad de la mejor manera posible, acompa\u00f1ado por personal con experiencia, alta formaci\u00f3n y pasi\u00f3n por su tierra.\",\"breadcrumb\":{\"@id\":\"https:\/\/turismodeleon.com\/en\/producto\/leon-a-a-carta\/#breadcrumb\"},\"inLanguage\":\"en-US\",\"potentialAction\":[{\"@type\":\"ReadAction\",\"target\":[\"https:\/\/turismodeleon.com\/en\/producto\/leon-a-a-carta\/\"]}]},{\"@type\":\"ImageObject\",\"inLanguage\":\"en-US\",\"@id\":\"https:\/\/turismodeleon.com\/en\/producto\/leon-a-a-carta\/#primaryimage\",\"url\":\"https:\/\/turismodeleon.com\/wp-content\/uploads\/2018\/05\/leon-49-scaled.jpg\",\"contentUrl\":\"https:\/\/turismodeleon.com\/wp-content\/uploads\/2018\/05\/leon-49-scaled.jpg\",\"width\":1920,\"height\":2560,\"caption\":\"OLYMPUS DIGITAL CAMERA\"},{\"@type\":\"BreadcrumbList\",\"@id\":\"https:\/\/turismodeleon.com\/en\/producto\/leon-a-a-carta\/#breadcrumb\",\"itemListElement\":[{\"@type\":\"ListItem\",\"position\":1,\"name\":\"Home\",\"item\":\"https:\/\/turismodeleon.com\/en\/\"},{\"@type\":\"ListItem\",\"position\":2,\"name\":\"Buy tickets\",\"item\":\"https:\/\/turismodeleon.com\/en\/buy-tickets\/\"},{\"@type\":\"ListItem\",\"position\":3,\"name\":\"Visita guiada: Le\u00f3n a la carta\"}]},{\"@type\":\"WebSite\",\"@id\":\"https:\/\/turismodeleon.com\/en\/#website\",\"url\":\"https:\/\/turismodeleon.com\/en\/\",\"name\":\"Turismo de Le\u00f3n\",\"description\":\"\",\"publisher\":{\"@id\":\"https:\/\/turismodeleon.com\/en\/#organization\"},\"potentialAction\":[{\"@type\":\"SearchAction\",\"target\":{\"@type\":\"EntryPoint\",\"urlTemplate\":\"https:\/\/turismodeleon.com\/en\/?s={search_term_string}\"},\"query-input\":{\"@type\":\"PropertyValueSpecification\",\"valueRequired\":true,\"valueName\":\"search_term_string\"}}],\"inLanguage\":\"en-US\"},{\"@type\":\"Organization\",\"@id\":\"https:\/\/turismodeleon.com\/en\/#organization\",\"name\":\"Turismo de Le\u00f3n\",\"url\":\"https:\/\/turismodeleon.com\/en\/\",\"logo\":{\"@type\":\"ImageObject\",\"inLanguage\":\"en-US\",\"@id\":\"https:\/\/turismodeleon.com\/en\/#\/schema\/logo\/image\/\",\"url\":\"https:\/\/turismodeleon.com\/wp-content\/uploads\/2018\/05\/logo.png\",\"contentUrl\":\"https:\/\/turismodeleon.com\/wp-content\/uploads\/2018\/05\/logo.png\",\"width\":2095,\"height\":2101,\"caption\":\"Turismo de Le\u00f3n\"},\"image\":{\"@id\":\"https:\/\/turismodeleon.com\/en\/#\/schema\/logo\/image\/\"}}]}<\/script>\n<!-- \/ Yoast SEO plugin. -->","yoast_head_json":{"title":"Visita guiada: Le\u00f3n a la carta - Turismo de Le\u00f3n","description":"Un recorrido a medida, en el cu\u00e1l tu eliges la hora de comienzo, el lugar de encuentro y el enfoque de la visita. Nos adaptamos completamente a tus intereses y preferencias. Descubre Le\u00f3n en profundidad de la mejor manera posible, acompa\u00f1ado por personal con experiencia, alta formaci\u00f3n y pasi\u00f3n por su tierra.","robots":{"index":"index","follow":"follow","max-snippet":"max-snippet:-1","max-image-preview":"max-image-preview:large","max-video-preview":"max-video-preview:-1"},"canonical":"https:\/\/turismodeleon.com\/en\/producto\/leon-a-a-carta\/","og_locale":"en_US","og_type":"article","og_title":"Visita guiada: Le\u00f3n a la carta - Turismo de Le\u00f3n","og_description":"Un recorrido a medida, en el cu\u00e1l tu eliges la hora de comienzo, el lugar de encuentro y el enfoque de la visita. Nos adaptamos completamente a tus intereses y preferencias. Descubre Le\u00f3n en profundidad de la mejor manera posible, acompa\u00f1ado por personal con experiencia, alta formaci\u00f3n y pasi\u00f3n por su tierra.","og_url":"https:\/\/turismodeleon.com\/en\/producto\/leon-a-a-carta\/","og_site_name":"Turismo de Le\u00f3n","article_modified_time":"2025-11-14T10:44:05+00:00","og_image":[{"width":1920,"height":2560,"url":"https:\/\/turismodeleon.com\/wp-content\/uploads\/2018\/05\/leon-49-scaled.jpg","type":"image\/jpeg"}],"twitter_card":"summary_large_image","twitter_misc":{"Est. reading time":"1 minute"},"schema":{"@context":"https:\/\/schema.org","@graph":[{"@type":"WebPage","@id":"https:\/\/turismodeleon.com\/en\/producto\/leon-a-a-carta\/","url":"https:\/\/turismodeleon.com\/en\/producto\/leon-a-a-carta\/","name":"Visita guiada: Le\u00f3n a la carta - Turismo de Le\u00f3n","isPartOf":{"@id":"https:\/\/turismodeleon.com\/en\/#website"},"primaryImageOfPage":{"@id":"https:\/\/turismodeleon.com\/en\/producto\/leon-a-a-carta\/#primaryimage"},"image":{"@id":"https:\/\/turismodeleon.com\/en\/producto\/leon-a-a-carta\/#primaryimage"},"thumbnailUrl":"https:\/\/turismodeleon.com\/wp-content\/uploads\/2018\/05\/leon-49-scaled.jpg","datePublished":"2020-01-17T10:43:23+00:00","dateModified":"2025-11-14T10:44:05+00:00","description":"Un recorrido a medida, en el cu\u00e1l tu eliges la hora de comienzo, el lugar de encuentro y el enfoque de la visita. Nos adaptamos completamente a tus intereses y preferencias. Descubre Le\u00f3n en profundidad de la mejor manera posible, acompa\u00f1ado por personal con experiencia, alta formaci\u00f3n y pasi\u00f3n por su tierra.","breadcrumb":{"@id":"https:\/\/turismodeleon.com\/en\/producto\/leon-a-a-carta\/#breadcrumb"},"inLanguage":"en-US","potentialAction":[{"@type":"ReadAction","target":["https:\/\/turismodeleon.com\/en\/producto\/leon-a-a-carta\/"]}]},{"@type":"ImageObject","inLanguage":"en-US","@id":"https:\/\/turismodeleon.com\/en\/producto\/leon-a-a-carta\/#primaryimage","url":"https:\/\/turismodeleon.com\/wp-content\/uploads\/2018\/05\/leon-49-scaled.jpg","contentUrl":"https:\/\/turismodeleon.com\/wp-content\/uploads\/2018\/05\/leon-49-scaled.jpg","width":1920,"height":2560,"caption":"OLYMPUS DIGITAL CAMERA"},{"@type":"BreadcrumbList","@id":"https:\/\/turismodeleon.com\/en\/producto\/leon-a-a-carta\/#breadcrumb","itemListElement":[{"@type":"ListItem","position":1,"name":"Home","item":"https:\/\/turismodeleon.com\/en\/"},{"@type":"ListItem","position":2,"name":"Buy tickets","item":"https:\/\/turismodeleon.com\/en\/buy-tickets\/"},{"@type":"ListItem","position":3,"name":"Visita guiada: Le\u00f3n a la carta"}]},{"@type":"WebSite","@id":"https:\/\/turismodeleon.com\/en\/#website","url":"https:\/\/turismodeleon.com\/en\/","name":"Turismo de Le\u00f3n","description":"","publisher":{"@id":"https:\/\/turismodeleon.com\/en\/#organization"},"potentialAction":[{"@type":"SearchAction","target":{"@type":"EntryPoint","urlTemplate":"https:\/\/turismodeleon.com\/en\/?s={search_term_string}"},"query-input":{"@type":"PropertyValueSpecification","valueRequired":true,"valueName":"search_term_string"}}],"inLanguage":"en-US"},{"@type":"Organization","@id":"https:\/\/turismodeleon.com\/en\/#organization","name":"Turismo de Le\u00f3n","url":"https:\/\/turismodeleon.com\/en\/","logo":{"@type":"ImageObject","inLanguage":"en-US","@id":"https:\/\/turismodeleon.com\/en\/#\/schema\/logo\/image\/","url":"https:\/\/turismodeleon.com\/wp-content\/uploads\/2018\/05\/logo.png","contentUrl":"https:\/\/turismodeleon.com\/wp-content\/uploads\/2018\/05\/logo.png","width":2095,"height":2101,"caption":"Turismo de Le\u00f3n"},"image":{"@id":"https:\/\/turismodeleon.com\/en\/#\/schema\/logo\/image\/"}}]}},"_links":{"self":[{"href":"https:\/\/turismodeleon.com\/en\/wp-json\/wp\/v2\/product\/3862","targetHints":{"allow":["GET"]}}],"collection":[{"href":"https:\/\/turismodeleon.com\/en\/wp-json\/wp\/v2\/product"}],"about":[{"href":"https:\/\/turismodeleon.com\/en\/wp-json\/wp\/v2\/types\/product"}],"replies":[{"embeddable":true,"href":"https:\/\/turismodeleon.com\/en\/wp-json\/wp\/v2\/comments?post=3862"}],"wp:featuredmedia":[{"embeddable":true,"href":"https:\/\/turismodeleon.com\/en\/wp-json\/wp\/v2\/media\/491"}],"wp:attachment":[{"href":"https:\/\/turismodeleon.com\/en\/wp-json\/wp\/v2\/media?parent=3862"}],"wp:term":[{"taxonomy":"product_brand","embeddable":true,"href":"https:\/\/turismodeleon.com\/en\/wp-json\/wp\/v2\/product_brand?post=3862"},{"taxonomy":"product_cat","embeddable":true,"href":"https:\/\/turismodeleon.com\/en\/wp-json\/wp\/v2\/product_cat?post=3862"},{"taxonomy":"product_tag","embeddable":true,"href":"https:\/\/turismodeleon.com\/en\/wp-json\/wp\/v2\/product_tag?post=3862"}],"curies":[{"name":"wp","href":"https:\/\/api.w.org\/{rel}","templated":true}]}}