{"id":4570,"date":"2020-02-11T11:01:17","date_gmt":"2020-02-11T10:01:17","guid":{"rendered":"https:\/\/turismodeleon.com\/?post_type=product&#038;p=4570"},"modified":"2025-11-14T11:35:52","modified_gmt":"2025-11-14T10:35:52","slug":"leon-belle-epoque-teatralizada","status":"publish","type":"product","link":"https:\/\/turismodeleon.com\/fr\/producto\/leon-belle-epoque-teatralizada\/","title":{"rendered":"Le\u00f3n Belle \u00c9poque"},"content":{"rendered":"<p>La visita har\u00e1 un repaso a la historia de la ciudad desde sus or\u00edgenes, desde una perspectiva diferente; se\u00f1alando sobre todo la huella que dejaron grandes mujeres, como la Reina Sancha o la \u00ab\u00a0Brava\u00a0\u00bb Mar\u00eda Juana de Qui\u00f1ones. Sin embargo, nos centraremos en mujeres de Le\u00f3n en el periodo que se suele denominar \u00ab\u00a0Belle \u00c9poque\u00a0\u00bb y que en Espa\u00f1a abarca aproximadamente el periodo entre la Primera Rep\u00fablica y la Guerra Civil Espa\u00f1ola. Un momento en el que la ciudad bull\u00eda de actividad y se produc\u00edan grandes cambios sociales.<\/p>\n<p>Conoceremos peque\u00f1as historias y curiosidades de las familias burguesas del momento; la familia de D\u00f1a. Esperanza Mateo Sagasta, la familia de D\u00f1a Rosa Homs y el \u201cno\u201d de D\u00f1a Victorina.<\/p>\n<p>Una ruta recomendado tanto para visitantes como para los propios leoneses interesados por conocer mejor el pasado de la ciudad y su evoluci\u00f3n.<\/p>\n<p>Se trata de recorrido ameno y apto para todos los p\u00fablicos.<\/p>\n<ul>\n<li>Punto de inicio: Plaza de San Marcelo (edificio del Antiguo Ayuntamiento)<\/li>\n<li>Idiomas disponibles: espa\u00f1ol<\/li>\n<li>Horario: 19:30<\/li>\n<li>Duraci\u00f3n: 1h 30 min<\/li>\n<li>Precio: 30 \u20ac por persona<\/li>\n<li>Se incluye en el precio el uso de radiogu\u00edas, para que puedan ir oyendo las explicaciones de su gu\u00eda, comodamente, mientras se hace el recorrido, sin continuas paradas, que resultan molestas y cansadas.<\/li>\n<li>No se incluye precio de entradas, es una visita de exteriores.<\/li>\n<li>Ser\u00e1 necesario reservar con antelaci\u00f3n puesto que los grupos son reducidos.<\/li>\n<li>Visita disponible s\u00f3lo determinados d\u00edas del a\u00f1o, consultar.<\/li>\n<\/ul>\n","protected":false},"excerpt":{"rendered":"<p>Una visita diferente, en la que conoceremos interesante historias de mujeres del pasado Le\u00f3n, desde el periodo medieval hasta la \u00ab\u00a0Belle \u00c9poque\u00a0\u00bb, que abarca, aproximadamente, desde 1870 hasta 1930. En este periodo, con la llegada del ferrocarril, las obras del Ensanche, la restauraci\u00f3n general de la Catedral y la construcci\u00f3n de nuevos edificios, como la emblem\u00e1tica Casa Botines, la ciudad cambia su fisionom\u00eda y surgen tambi\u00e9n mujeres pioneras en distintos campos.&hellip; <a class=\"kt-excerpt-readmore more-link\" href=\"https:\/\/turismodeleon.com\/fr\/producto\/leon-belle-epoque-teatralizada\/\">Read More<\/a><\/p>\n","protected":false},"featured_media":459,"comment_status":"open","ping_status":"closed","template":"","meta":{"kt_blocks_editor_width":"","_exactmetrics_skip_tracking":false,"_exactmetrics_sitenote_active":false,"_exactmetrics_sitenote_note":"","_exactmetrics_sitenote_category":0},"product_brand":[],"product_cat":[73,70],"product_tag":[],"class_list":{"0":"post-4570","1":"product","2":"type-product","3":"status-publish","4":"has-post-thumbnail","6":"product_cat-visita-individual","7":"product_cat-visitas-guiadas","9":"first","10":"instock","11":"purchasable","12":"product-type-simple"},"yoast_head":"<!-- This site is optimized with the Yoast SEO plugin v26.6 - https:\/\/yoast.com\/wordpress\/plugins\/seo\/ -->\n<title>Le\u00f3n Belle \u00c9poque - Turismo de Le\u00f3n<\/title>\n<meta name=\"description\" content=\"En un periodo de transformaciones econ\u00f3micas, sociales y culturales, Le\u00f3n empieza a adaptarse a los nuevos tiempos, y bulle de actividad. Esta visita ofrece una mirada diferente al pasado, a trav\u00e9s de mujeres de la historia de Le\u00f3n.\" \/>\n<meta name=\"robots\" content=\"index, follow, max-snippet:-1, max-image-preview:large, max-video-preview:-1\" \/>\n<link rel=\"canonical\" href=\"https:\/\/turismodeleon.com\/fr\/producto\/leon-belle-epoque-teatralizada\/\" \/>\n<meta property=\"og:locale\" content=\"fr_FR\" \/>\n<meta property=\"og:type\" content=\"article\" \/>\n<meta property=\"og:title\" content=\"Le\u00f3n Belle \u00c9poque - Turismo de Le\u00f3n\" \/>\n<meta property=\"og:description\" content=\"En un periodo de transformaciones econ\u00f3micas, sociales y culturales, Le\u00f3n empieza a adaptarse a los nuevos tiempos, y bulle de actividad. Esta visita ofrece una mirada diferente al pasado, a trav\u00e9s de mujeres de la historia de Le\u00f3n.\" \/>\n<meta property=\"og:url\" content=\"https:\/\/turismodeleon.com\/fr\/producto\/leon-belle-epoque-teatralizada\/\" \/>\n<meta property=\"og:site_name\" content=\"Turismo de Le\u00f3n\" \/>\n<meta property=\"article:modified_time\" content=\"2025-11-14T10:35:52+00:00\" \/>\n<meta property=\"og:image\" content=\"https:\/\/turismodeleon.com\/wp-content\/uploads\/2018\/05\/leon-17-scaled.jpg\" \/>\n\t<meta property=\"og:image:width\" content=\"2560\" \/>\n\t<meta property=\"og:image:height\" content=\"1920\" \/>\n\t<meta property=\"og:image:type\" content=\"image\/jpeg\" \/>\n<meta name=\"twitter:card\" content=\"summary_large_image\" \/>\n<meta name=\"twitter:label1\" content=\"Dur\u00e9e de lecture estim\u00e9e\" \/>\n\t<meta name=\"twitter:data1\" content=\"2 minutes\" \/>\n<script type=\"application\/ld+json\" class=\"yoast-schema-graph\">{\"@context\":\"https:\/\/schema.org\",\"@graph\":[{\"@type\":\"WebPage\",\"@id\":\"https:\/\/turismodeleon.com\/fr\/producto\/leon-belle-epoque-teatralizada\/\",\"url\":\"https:\/\/turismodeleon.com\/fr\/producto\/leon-belle-epoque-teatralizada\/\",\"name\":\"Le\u00f3n Belle \u00c9poque - Turismo de Le\u00f3n\",\"isPartOf\":{\"@id\":\"https:\/\/turismodeleon.com\/fr\/#website\"},\"primaryImageOfPage\":{\"@id\":\"https:\/\/turismodeleon.com\/fr\/producto\/leon-belle-epoque-teatralizada\/#primaryimage\"},\"image\":{\"@id\":\"https:\/\/turismodeleon.com\/fr\/producto\/leon-belle-epoque-teatralizada\/#primaryimage\"},\"thumbnailUrl\":\"https:\/\/turismodeleon.com\/wp-content\/uploads\/2018\/05\/leon-17-scaled.jpg\",\"datePublished\":\"2020-02-11T10:01:17+00:00\",\"dateModified\":\"2025-11-14T10:35:52+00:00\",\"description\":\"En un periodo de transformaciones econ\u00f3micas, sociales y culturales, Le\u00f3n empieza a adaptarse a los nuevos tiempos, y bulle de actividad. Esta visita ofrece una mirada diferente al pasado, a trav\u00e9s de mujeres de la historia de Le\u00f3n.\",\"breadcrumb\":{\"@id\":\"https:\/\/turismodeleon.com\/fr\/producto\/leon-belle-epoque-teatralizada\/#breadcrumb\"},\"inLanguage\":\"fr-FR\",\"potentialAction\":[{\"@type\":\"ReadAction\",\"target\":[\"https:\/\/turismodeleon.com\/fr\/producto\/leon-belle-epoque-teatralizada\/\"]}]},{\"@type\":\"ImageObject\",\"inLanguage\":\"fr-FR\",\"@id\":\"https:\/\/turismodeleon.com\/fr\/producto\/leon-belle-epoque-teatralizada\/#primaryimage\",\"url\":\"https:\/\/turismodeleon.com\/wp-content\/uploads\/2018\/05\/leon-17-scaled.jpg\",\"contentUrl\":\"https:\/\/turismodeleon.com\/wp-content\/uploads\/2018\/05\/leon-17-scaled.jpg\",\"width\":2560,\"height\":1920,\"caption\":\"OLYMPUS DIGITAL CAMERA\"},{\"@type\":\"BreadcrumbList\",\"@id\":\"https:\/\/turismodeleon.com\/fr\/producto\/leon-belle-epoque-teatralizada\/#breadcrumb\",\"itemListElement\":[{\"@type\":\"ListItem\",\"position\":1,\"name\":\"Home\",\"item\":\"https:\/\/turismodeleon.com\/fr\/\"},{\"@type\":\"ListItem\",\"position\":2,\"name\":\"Achetez vos billets\",\"item\":\"https:\/\/turismodeleon.com\/fr\/achetez-vos-billets\/\"},{\"@type\":\"ListItem\",\"position\":3,\"name\":\"Le\u00f3n Belle \u00c9poque\"}]},{\"@type\":\"WebSite\",\"@id\":\"https:\/\/turismodeleon.com\/fr\/#website\",\"url\":\"https:\/\/turismodeleon.com\/fr\/\",\"name\":\"Turismo de Le\u00f3n\",\"description\":\"\",\"publisher\":{\"@id\":\"https:\/\/turismodeleon.com\/fr\/#organization\"},\"potentialAction\":[{\"@type\":\"SearchAction\",\"target\":{\"@type\":\"EntryPoint\",\"urlTemplate\":\"https:\/\/turismodeleon.com\/fr\/?s={search_term_string}\"},\"query-input\":{\"@type\":\"PropertyValueSpecification\",\"valueRequired\":true,\"valueName\":\"search_term_string\"}}],\"inLanguage\":\"fr-FR\"},{\"@type\":\"Organization\",\"@id\":\"https:\/\/turismodeleon.com\/fr\/#organization\",\"name\":\"Turismo de Le\u00f3n\",\"url\":\"https:\/\/turismodeleon.com\/fr\/\",\"logo\":{\"@type\":\"ImageObject\",\"inLanguage\":\"fr-FR\",\"@id\":\"https:\/\/turismodeleon.com\/fr\/#\/schema\/logo\/image\/\",\"url\":\"https:\/\/turismodeleon.com\/wp-content\/uploads\/2018\/05\/logo.png\",\"contentUrl\":\"https:\/\/turismodeleon.com\/wp-content\/uploads\/2018\/05\/logo.png\",\"width\":2095,\"height\":2101,\"caption\":\"Turismo de Le\u00f3n\"},\"image\":{\"@id\":\"https:\/\/turismodeleon.com\/fr\/#\/schema\/logo\/image\/\"}}]}<\/script>\n<!-- \/ Yoast SEO plugin. -->","yoast_head_json":{"title":"Le\u00f3n Belle \u00c9poque - Turismo de Le\u00f3n","description":"En un periodo de transformaciones econ\u00f3micas, sociales y culturales, Le\u00f3n empieza a adaptarse a los nuevos tiempos, y bulle de actividad. Esta visita ofrece una mirada diferente al pasado, a trav\u00e9s de mujeres de la historia de Le\u00f3n.","robots":{"index":"index","follow":"follow","max-snippet":"max-snippet:-1","max-image-preview":"max-image-preview:large","max-video-preview":"max-video-preview:-1"},"canonical":"https:\/\/turismodeleon.com\/fr\/producto\/leon-belle-epoque-teatralizada\/","og_locale":"fr_FR","og_type":"article","og_title":"Le\u00f3n Belle \u00c9poque - Turismo de Le\u00f3n","og_description":"En un periodo de transformaciones econ\u00f3micas, sociales y culturales, Le\u00f3n empieza a adaptarse a los nuevos tiempos, y bulle de actividad. Esta visita ofrece una mirada diferente al pasado, a trav\u00e9s de mujeres de la historia de Le\u00f3n.","og_url":"https:\/\/turismodeleon.com\/fr\/producto\/leon-belle-epoque-teatralizada\/","og_site_name":"Turismo de Le\u00f3n","article_modified_time":"2025-11-14T10:35:52+00:00","og_image":[{"width":2560,"height":1920,"url":"https:\/\/turismodeleon.com\/wp-content\/uploads\/2018\/05\/leon-17-scaled.jpg","type":"image\/jpeg"}],"twitter_card":"summary_large_image","twitter_misc":{"Dur\u00e9e de lecture estim\u00e9e":"2 minutes"},"schema":{"@context":"https:\/\/schema.org","@graph":[{"@type":"WebPage","@id":"https:\/\/turismodeleon.com\/fr\/producto\/leon-belle-epoque-teatralizada\/","url":"https:\/\/turismodeleon.com\/fr\/producto\/leon-belle-epoque-teatralizada\/","name":"Le\u00f3n Belle \u00c9poque - Turismo de Le\u00f3n","isPartOf":{"@id":"https:\/\/turismodeleon.com\/fr\/#website"},"primaryImageOfPage":{"@id":"https:\/\/turismodeleon.com\/fr\/producto\/leon-belle-epoque-teatralizada\/#primaryimage"},"image":{"@id":"https:\/\/turismodeleon.com\/fr\/producto\/leon-belle-epoque-teatralizada\/#primaryimage"},"thumbnailUrl":"https:\/\/turismodeleon.com\/wp-content\/uploads\/2018\/05\/leon-17-scaled.jpg","datePublished":"2020-02-11T10:01:17+00:00","dateModified":"2025-11-14T10:35:52+00:00","description":"En un periodo de transformaciones econ\u00f3micas, sociales y culturales, Le\u00f3n empieza a adaptarse a los nuevos tiempos, y bulle de actividad. Esta visita ofrece una mirada diferente al pasado, a trav\u00e9s de mujeres de la historia de Le\u00f3n.","breadcrumb":{"@id":"https:\/\/turismodeleon.com\/fr\/producto\/leon-belle-epoque-teatralizada\/#breadcrumb"},"inLanguage":"fr-FR","potentialAction":[{"@type":"ReadAction","target":["https:\/\/turismodeleon.com\/fr\/producto\/leon-belle-epoque-teatralizada\/"]}]},{"@type":"ImageObject","inLanguage":"fr-FR","@id":"https:\/\/turismodeleon.com\/fr\/producto\/leon-belle-epoque-teatralizada\/#primaryimage","url":"https:\/\/turismodeleon.com\/wp-content\/uploads\/2018\/05\/leon-17-scaled.jpg","contentUrl":"https:\/\/turismodeleon.com\/wp-content\/uploads\/2018\/05\/leon-17-scaled.jpg","width":2560,"height":1920,"caption":"OLYMPUS DIGITAL CAMERA"},{"@type":"BreadcrumbList","@id":"https:\/\/turismodeleon.com\/fr\/producto\/leon-belle-epoque-teatralizada\/#breadcrumb","itemListElement":[{"@type":"ListItem","position":1,"name":"Home","item":"https:\/\/turismodeleon.com\/fr\/"},{"@type":"ListItem","position":2,"name":"Achetez vos billets","item":"https:\/\/turismodeleon.com\/fr\/achetez-vos-billets\/"},{"@type":"ListItem","position":3,"name":"Le\u00f3n Belle \u00c9poque"}]},{"@type":"WebSite","@id":"https:\/\/turismodeleon.com\/fr\/#website","url":"https:\/\/turismodeleon.com\/fr\/","name":"Turismo de Le\u00f3n","description":"","publisher":{"@id":"https:\/\/turismodeleon.com\/fr\/#organization"},"potentialAction":[{"@type":"SearchAction","target":{"@type":"EntryPoint","urlTemplate":"https:\/\/turismodeleon.com\/fr\/?s={search_term_string}"},"query-input":{"@type":"PropertyValueSpecification","valueRequired":true,"valueName":"search_term_string"}}],"inLanguage":"fr-FR"},{"@type":"Organization","@id":"https:\/\/turismodeleon.com\/fr\/#organization","name":"Turismo de Le\u00f3n","url":"https:\/\/turismodeleon.com\/fr\/","logo":{"@type":"ImageObject","inLanguage":"fr-FR","@id":"https:\/\/turismodeleon.com\/fr\/#\/schema\/logo\/image\/","url":"https:\/\/turismodeleon.com\/wp-content\/uploads\/2018\/05\/logo.png","contentUrl":"https:\/\/turismodeleon.com\/wp-content\/uploads\/2018\/05\/logo.png","width":2095,"height":2101,"caption":"Turismo de Le\u00f3n"},"image":{"@id":"https:\/\/turismodeleon.com\/fr\/#\/schema\/logo\/image\/"}}]}},"_links":{"self":[{"href":"https:\/\/turismodeleon.com\/fr\/wp-json\/wp\/v2\/product\/4570","targetHints":{"allow":["GET"]}}],"collection":[{"href":"https:\/\/turismodeleon.com\/fr\/wp-json\/wp\/v2\/product"}],"about":[{"href":"https:\/\/turismodeleon.com\/fr\/wp-json\/wp\/v2\/types\/product"}],"replies":[{"embeddable":true,"href":"https:\/\/turismodeleon.com\/fr\/wp-json\/wp\/v2\/comments?post=4570"}],"wp:featuredmedia":[{"embeddable":true,"href":"https:\/\/turismodeleon.com\/fr\/wp-json\/wp\/v2\/media\/459"}],"wp:attachment":[{"href":"https:\/\/turismodeleon.com\/fr\/wp-json\/wp\/v2\/media?parent=4570"}],"wp:term":[{"taxonomy":"product_brand","embeddable":true,"href":"https:\/\/turismodeleon.com\/fr\/wp-json\/wp\/v2\/product_brand?post=4570"},{"taxonomy":"product_cat","embeddable":true,"href":"https:\/\/turismodeleon.com\/fr\/wp-json\/wp\/v2\/product_cat?post=4570"},{"taxonomy":"product_tag","embeddable":true,"href":"https:\/\/turismodeleon.com\/fr\/wp-json\/wp\/v2\/product_tag?post=4570"}],"curies":[{"name":"wp","href":"https:\/\/api.w.org\/{rel}","templated":true}]}}