{"id":1534,"date":"2019-01-15T13:47:12","date_gmt":"2019-01-15T12:47:12","guid":{"rendered":"https:\/\/turismodeleon.com\/?page_id=1534"},"modified":"2020-03-25T23:30:51","modified_gmt":"2020-03-25T22:30:51","slug":"inicio","status":"publish","type":"page","link":"https:\/\/turismodeleon.com\/it\/","title":{"rendered":"Homepage"},"content":{"rendered":"<div class='white' style='background:rgb(250, 250, 250); border:solid 1px rgb(240, 240, 240); border-radius:5px; padding:6px 6px 8px 6px;'>\n<div id='sample_slider' class='owl-carousel sa_owl_theme autohide-arrows' data-slider-id='sample_slider' style='visibility:hidden;'>\n<div id='sample_slider_slide03' class='sa_hover_container' style='padding:5% 5%; margin:0px 1%; background-image:url(&quot;https:\/\/turismodeleon.com\/wp-content\/uploads\/2018\/02\/temp-home-slider-02.jpg&quot;); background-position:left top; background-size:cover; background-repeat:no-repeat; background-color:rgb(252, 229, 205); min-height:300px; '><div class='sa_hover_buttons' style='top:50%; left:50%; margin-top:-20px; margin-left:-20px;'><a class='sa_slide_link_icon' href='https:\/\/turismodeleon.com\/portfolio\/visitas-especiales\/' target='_self' title='' aria-label=''><\/a><\/div>\n<div style=\"text-align: center; padding-bottom: 10px; padding: 10px; background-color: rgba(255,255,255,0.95); border-radius: 5px;\">\r\n<h3>Visitas especiales<\/h3>\r\n<p>Para visitas en cualquier otro punto de la provincia, en familia, con amigos, o en grupo, elija visitas privadas.<\/p>\r\n<p>Fuimos pioneros creando la ruta \"Mujeres en la Historia de Le\u00f3n\" <a href=\"https:\/\/www.europapress.es\/castilla-y-leon\/noticia-ayuntamiento-leon-programa-rutas-teatralizadas-mujeres-relevantes-historia-local-20200220122558.html\">https:\/\/www.europapress.es\/castilla-y-leon\/noticia-ayuntamiento-leon-programa-rutas-teatralizadas-mujeres-relevantes-historia-local-20200220122558.html<\/a><\/p>\r\n<p>Ofrecemos tambi\u00e9n Rutas de Leyenda, Ruta Modernista, Le\u00f3n Romano, Visitas MUSAC.<\/p>\r\n<p>Visitas educativas para escolares<\/p>\r\n<p>\u00a1Cons\u00faltenos!<\/p>\r\n<p>Tel\u00e9fono de informaci\u00f3n 610 804 034<\/p>\r\n<\/div>\r\n<p>&nbsp;<\/p><\/div>\n<div id='sample_slider_slide01' class='sa_hover_container' style='padding:5% 5%; margin:0px 1%; background-image:url(&quot;https:\/\/turismodeleon.com\/wp-content\/uploads\/2018\/05\/leon-30-scaled.jpg&quot;); background-position:left top; background-size:cover; background-repeat:no-repeat; background-color:#f4cccc; min-height:300px; '><div class='sa_hover_buttons' style='top:50%; left:50%; margin-top:-20px; margin-left:-20px;'><a class='sa_slide_link_icon' href='https:\/\/turismodeleon.com\/portfolio\/leon\/' target='_self' title='' aria-label=''><\/a><\/div>\n<div style=\"text-align: center; padding-bottom: 10px; padding: 10px; background-color: rgba(255,255,255,0.95); border-radius: 5px;\">\r\n<h3>Visitas ciudad de Le\u00f3n<\/h3>\r\n<\/div>\r\n<div style=\"text-align: center; padding-bottom: 10px; padding: 10px; background-color: rgba(255,255,255,0.95); border-radius: 5px;\"><strong><span style=\"color: #000080;\">La \u00fanica empresa de visitas guiadas en Le\u00f3n <\/span><\/strong><span style=\"color: #000080;\"><strong>formada por Gu\u00edas Oficiales de Castilla y Le\u00f3n.<\/strong> <br \/><\/span><\/div>\r\n<div style=\"text-align: center; padding-bottom: 10px; padding: 10px; background-color: rgba(255,255,255,0.95); border-radius: 5px;\">\u00a1No se deje enga\u00f1ar por \"free tours\", en los que acaba pagando m\u00e1s!, tenemos las mejores tarifas y ofrecemos: entusiasmo, profesionalidad, recorridos urbanos que incluyen los principales monumentos, cercan\u00eda en el trato y la mejor disposici\u00f3n para hacer que su visita a Le\u00f3n sea una gran experiencia.<\/div>\r\n<div style=\"text-align: center; padding-bottom: 10px; padding: 10px; background-color: rgba(255,255,255,0.95); border-radius: 5px;\">Para garantizar la calidad y seguridad de nuestros servicios en la situaci\u00f3n actual, <span style=\"color: #333399;\">los grupos son reducidos<\/span>.<\/div>\r\n<div style=\"text-align: center; padding-bottom: 10px; padding: 10px; background-color: rgba(255,255,255,0.95); border-radius: 5px;\">\u00a1INF\u00d3RMESE Y HAGA SU RESERVA!<br \/>\r\n<p>TLF. 610 804 034 \/616 746 722<\/p>\r\n<p style=\"text-align: center;\">\u00a0<\/p>\r\n<\/div><\/div>\n<div id='sample_slider_slide02' class='sa_hover_container' style='padding:5% 5%; margin:0px 1%; background-image:url(&quot;https:\/\/turismodeleon.com\/wp-content\/uploads\/2018\/05\/astorga-129-scaled.jpg&quot;); background-position:left top; background-size:cover; background-repeat:no-repeat; background-color:rgb(182, 215, 168); min-height:300px; '><div class='sa_hover_buttons' style='top:50%; left:50%; margin-top:-20px; margin-left:-20px;'><a class='sa_slide_link_icon' href='https:\/\/turismodeleon.com\/portfolio\/astorga\/' target='_self' title='' aria-label=''><\/a><\/div>\n<div style=\"text-align: center; padding-bottom: 10px; padding: 10px; background-color: rgba(255,255,255,0.95); border-radius: 5px;\">\r\n<h3>Visitas ciudad de Astorga<\/h3>\r\n<h6><strong>Visitas privadas adaptadas a todo tipo de grupos.<br \/><\/strong><\/h6>\r\nConsulte disponibilidad y precio. Grupos reducidos<\/div>\r\n<div style=\"text-align: center; padding-bottom: 10px; padding: 10px; background-color: rgba(255,255,255,0.95); border-radius: 5px;\">Una excelente manera de conocer Astorga; acompa\u00f1ados por gu\u00edas oficiales de Castilla y Le\u00f3n. Expertos conocedores de nuestra tierra, monumentos y cultura.<\/div>\r\n<div style=\"text-align: center; padding-bottom: 10px; padding: 10px; background-color: rgba(255,255,255,0.95); border-radius: 5px;\">Tel\u00e9fono de informaci\u00f3n: 616 746 722\/610 804 034<\/div>\r\n<div>\u00a0<\/div>\r\n<div>\u00a0<\/div><\/div>\n<\/div>\n<\/div>\n<script type='text\/javascript'>\n\tjQuery(document).ready(function() {\n\t\tjQuery('#sample_slider').owlCarousel({\n\t\t\tresponsive:{\n\t\t\t\t0:{ items:1 },\n\t\t\t\t480:{ items:2 },\n\t\t\t\t768:{ items:3 },\n\t\t\t\t980:{ items:3 },\n\t\t\t\t1200:{ items:3 },\n\t\t\t\t1500:{ items:3 }\n\t\t\t},\n\t\t\tautoplay : true,\n\t\t\tautoplayTimeout : 5000,\n\t\t\tautoplayHoverPause : true,\n\t\t\tsmartSpeed : 500,\n\t\t\tfluidSpeed : 500,\n\t\t\tautoplaySpeed : 500,\n\t\t\tnavSpeed : 500,\n\t\t\tdotsSpeed : 500,\n\t\t\tloop : true,\n\t\t\tnav : true,\n\t\t\tnavText : ['Previous','Next'],\n\t\t\tdots : false,\n\t\t\tresponsiveRefreshRate : 200,\n\t\t\tslideBy : 1,\n\t\t\tmergeFit : true,\n\t\t\tautoHeight : false,\n\t\t\tmouseDrag : true,\n\t\t\ttouchDrag : true\n\t\t});\n\t\tjQuery('#sample_slider').css('visibility', 'visible');\n\t\tvar owl_goto = jQuery('#sample_slider');\n\t\tjQuery('.sample_slider_goto1').click(function(event){\n\t\t\towl_goto.trigger('to.owl.carousel', 0);\n\t\t});\n\t\tjQuery('.sample_slider_goto2').click(function(event){\n\t\t\towl_goto.trigger('to.owl.carousel', 1);\n\t\t});\n\t\tjQuery('.sample_slider_goto3').click(function(event){\n\t\t\towl_goto.trigger('to.owl.carousel', 2);\n\t\t});\n\t\tvar resize_543 = jQuery('.owl-carousel');\n\t\tresize_543.on('initialized.owl.carousel', function(e) {\n\t\t\tif (typeof(Event) === 'function') {\n\t\t\t\twindow.dispatchEvent(new Event('resize'));\n\t\t\t} else {\n\t\t\t\tvar evt = window.document.createEvent('UIEvents');\n\t\t\t\tevt.initUIEvent('resize', true, false, window, 0);\n\t\t\t\twindow.dispatchEvent(evt);\n\t\t\t}\n\t\t});\n\t});\n<\/script>\n\n<h1 style=\"text-align: center; padding: 25px 0px 15px 0px;\">TURISMO DE LE\u00d3N<\/h1>\n<div class=\"row\"> <div class=\"col-md-6\">\nVisite guidate a Le\u00f3n<br \/>\nSiamo guide ufficiali di turismo, specializzate nella conoscenza e valorizzazione del territorio. Le nostre guide vantano, oltre ad una laurea specialistica inerente, un&#8217;invidiabile esperienza maturata sul campo. L\u2019attestato di idoneit\u00e0 professionale previsto per lo svolgimento delle attivit\u00e0 di guide \u00e8 subordinato al superamento di prove d\u2019esame scritte, orali e pratiche, dopo le quali, la Giunta Regionale di Castiglia e Le\u00f3n, offre la tessera personale di riconoscimento ed un distintivo che tutte le nostre guide portano sempre in vista nell\u2019espletamento dell\u2019attivit\u00e0 professionale.<br \/>\n<\/div><div class=\"col-md-6\">\nOffrendo sempre la massima qualit\u00e0, le nostre guide, sapranno farvi scoprire le bellezze di Le\u00f3n con entusiasmo e vivacit\u00e0 senza mai perdere di vista il rigore scientifico delle informazioni fornite.<br \/>\n<\/div><\/div>\n<hr \/>\n<h3>Routes and itineraries<\/h3>\n<div class=\"home-portfolio-full home-margin home-padding\">\n<div class=\"kad-portfolio-wrapper-outer p-outer-poststyle\">\n<div id=\"portfolio_template_wrapper\" class=\"init-masonry-intrinsic entry-content portfolio-grid-light-gallery row\" style=\"position: relative; height: 374px;\" data-masonry-selector=\".p_item\" data-masonry-style=\"masonry\">\n<div class=\"col-xxl-2 col-xl-25 col-md-3 col-sm-4 col-xs-6 col-ss-12 rutas-e-itinerarios p_item\" style=\"position: absolute; left: 0px; top: 0px;\">\n<div class=\"portfolio_item grid_item kt_item_fade_in\" style=\"opacity: 1;\" data-post-title=\"Las M\u00e9dulas\">\n<div class=\"portfolio-loop-image-container\">\n<div class=\"img-hoverclass kt-intrinsic portfolio-loop-image\" style=\"padding-bottom: 100%;\">\n<div class=\"portfolio-img-hover-inner\"><img loading=\"lazy\" decoding=\"async\" class=\"\" src=\"https:\/\/turismodeleon.com\/wp-content\/uploads\/2018\/05\/medulas-05-300x300.jpg\" sizes=\"auto, (max-width: 300px) 100vw, 300px\" srcset=\"https:\/\/turismodeleon.com\/wp-content\/uploads\/2018\/05\/medulas-05-300x300.jpg 300w, https:\/\/turismodeleon.com\/wp-content\/uploads\/2018\/05\/medulas-05-150x150.jpg 150w, https:\/\/turismodeleon.com\/wp-content\/uploads\/2018\/05\/medulas-05-600x600.jpg 600w\" alt=\"\" width=\"300\" height=\"300\" \/><\/div>\n<\/div>\n<div class=\"portfolio-hover-item\">\n<div class=\"portfolio-overlay-color\"><\/div>\n<div class=\"portfolio-overlay-border\"><\/div>\n<p><a class=\"portfolio-hover-item-link\" href=\"https:\/\/turismodeleon.com\/it\/portfolio\/las-medulas\/\">\u00a0<\/a><\/p>\n<div class=\"portfolio-hover-item-inner\"><\/div>\n<\/div>\n<\/div>\n<div class=\"portfolio-poststyle-content postclass\">\n<h5 class=\"portfolio-loop-title\">Las M\u00e9dulas<\/h5>\n<p>&nbsp;<\/p>\n<\/div>\n<\/div>\n<\/div>\n<div class=\"col-xxl-2 col-xl-25 col-md-3 col-sm-4 col-xs-6 col-ss-12 rutas-e-itinerarios p_item\" style=\"position: absolute; left: 294px; top: 0px;\">\n<div class=\"portfolio_item grid_item kt_item_fade_in\" style=\"opacity: 1;\" data-post-title=\"Le\u00f3n\">\n<div class=\"portfolio-loop-image-container\">\n<div class=\"img-hoverclass kt-intrinsic portfolio-loop-image\" style=\"padding-bottom: 100%;\">\n<div class=\"portfolio-img-hover-inner\"><img loading=\"lazy\" decoding=\"async\" class=\"\" src=\"https:\/\/turismodeleon.com\/wp-content\/uploads\/2018\/05\/leon-54-300x300.jpg\" sizes=\"auto, (max-width: 300px) 100vw, 300px\" srcset=\"https:\/\/turismodeleon.com\/wp-content\/uploads\/2018\/05\/leon-54-300x300.jpg 300w, https:\/\/turismodeleon.com\/wp-content\/uploads\/2018\/05\/leon-54-150x150.jpg 150w, https:\/\/turismodeleon.com\/wp-content\/uploads\/2018\/05\/leon-54-600x600.jpg 600w\" alt=\"\" width=\"300\" height=\"300\" \/><\/div>\n<\/div>\n<div class=\"portfolio-hover-item\">\n<div class=\"portfolio-overlay-color\"><\/div>\n<div class=\"portfolio-overlay-border\"><\/div>\n<p><a class=\"portfolio-hover-item-link\" href=\"https:\/\/turismodeleon.com\/it\/portfolio\/leon\/\">\u00a0<\/a><\/p>\n<div class=\"portfolio-hover-item-inner\"><\/div>\n<\/div>\n<\/div>\n<div class=\"portfolio-poststyle-content postclass\">\n<h5 class=\"portfolio-loop-title\">Le\u00f3n<\/h5>\n<p>&nbsp;<\/p>\n<\/div>\n<\/div>\n<\/div>\n<div class=\"col-xxl-2 col-xl-25 col-md-3 col-sm-4 col-xs-6 col-ss-12 rutas-e-itinerarios p_item\" style=\"position: absolute; left: 588px; top: 0px;\">\n<div class=\"portfolio_item grid_item kt_item_fade_in\" style=\"opacity: 1;\" data-post-title=\"Ponferrada\">\n<div class=\"portfolio-loop-image-container\">\n<div class=\"img-hoverclass kt-intrinsic portfolio-loop-image\" style=\"padding-bottom: 100%;\">\n<div class=\"portfolio-img-hover-inner\"><img loading=\"lazy\" decoding=\"async\" class=\"\" src=\"https:\/\/turismodeleon.com\/wp-content\/uploads\/2018\/05\/ponferrada-03-300x300.jpg\" sizes=\"auto, (max-width: 300px) 100vw, 300px\" srcset=\"https:\/\/turismodeleon.com\/wp-content\/uploads\/2018\/05\/ponferrada-03-300x300.jpg 300w, https:\/\/turismodeleon.com\/wp-content\/uploads\/2018\/05\/ponferrada-03-150x150.jpg 150w, https:\/\/turismodeleon.com\/wp-content\/uploads\/2018\/05\/ponferrada-03-600x600.jpg 600w\" alt=\"\" width=\"300\" height=\"300\" \/><\/div>\n<\/div>\n<div class=\"portfolio-hover-item\">\n<div class=\"portfolio-overlay-color\"><\/div>\n<div class=\"portfolio-overlay-border\"><\/div>\n<p><a class=\"portfolio-hover-item-link\" href=\"https:\/\/turismodeleon.com\/it\/portfolio\/ponferrada\/\">\u00a0<\/a><\/p>\n<div class=\"portfolio-hover-item-inner\"><\/div>\n<\/div>\n<\/div>\n<div class=\"portfolio-poststyle-content postclass\">\n<h5 class=\"portfolio-loop-title\">Ponferrada<\/h5>\n<p>&nbsp;<\/p>\n<\/div>\n<\/div>\n<\/div>\n<div class=\"col-xxl-2 col-xl-25 col-md-3 col-sm-4 col-xs-6 col-ss-12 rutas-e-itinerarios p_item\" style=\"position: absolute; left: 882px; top: 0px;\">\n<div class=\"portfolio_item grid_item kt_item_fade_in\" style=\"opacity: 1;\" data-post-title=\"Astorga e Maragater\u00eda\">\n<div class=\"portfolio-loop-image-container\">\n<div class=\"img-hoverclass kt-intrinsic portfolio-loop-image\" style=\"padding-bottom: 100%;\">\n<div class=\"portfolio-img-hover-inner\"><img loading=\"lazy\" decoding=\"async\" class=\"\" src=\"https:\/\/turismodeleon.com\/wp-content\/uploads\/2018\/05\/astorga-084-300x300.jpg\" sizes=\"auto, (max-width: 300px) 100vw, 300px\" srcset=\"https:\/\/turismodeleon.com\/wp-content\/uploads\/2018\/05\/astorga-084-300x300.jpg 300w, https:\/\/turismodeleon.com\/wp-content\/uploads\/2018\/05\/astorga-084-150x150.jpg 150w, https:\/\/turismodeleon.com\/wp-content\/uploads\/2018\/05\/astorga-084-600x600.jpg 600w\" alt=\"\" width=\"300\" height=\"300\" \/><\/div>\n<\/div>\n<div class=\"portfolio-hover-item\">\n<div class=\"portfolio-overlay-color\"><\/div>\n<div class=\"portfolio-overlay-border\"><\/div>\n<p><a class=\"portfolio-hover-item-link\" href=\"https:\/\/turismodeleon.com\/it\/portfolio\/astorga\/\">\u00a0<\/a><\/p>\n<div class=\"portfolio-hover-item-inner\"><\/div>\n<\/div>\n<\/div>\n<div class=\"portfolio-poststyle-content postclass\">\n<h5 class=\"portfolio-loop-title\">Astorga e Maragater\u00eda<\/h5>\n<p>&nbsp;<\/p>\n<\/div>\n<\/div>\n<\/div>\n<div class=\"col-xxl-2 col-xl-25 col-md-3 col-sm-4 col-xs-6 col-ss-12 rutas-e-itinerarios p_item\" style=\"position: absolute; left: 1176px; top: 0px;\">\n<div class=\"portfolio_item grid_item kt_item_fade_in\" style=\"opacity: 1;\" data-post-title=\"Villafranca Del Bierzo\">\n<div class=\"portfolio-loop-image-container\">\n<div class=\"img-hoverclass kt-intrinsic portfolio-loop-image\" style=\"padding-bottom: 100%;\">\n<div class=\"portfolio-img-hover-inner\"><img loading=\"lazy\" decoding=\"async\" class=\"\" src=\"https:\/\/turismodeleon.com\/wp-content\/uploads\/2018\/05\/villafranca-3-300x300.jpg\" sizes=\"auto, (max-width: 300px) 100vw, 300px\" srcset=\"https:\/\/turismodeleon.com\/wp-content\/uploads\/2018\/05\/villafranca-3-300x300.jpg 300w, https:\/\/turismodeleon.com\/wp-content\/uploads\/2018\/05\/villafranca-3-150x150.jpg 150w, https:\/\/turismodeleon.com\/wp-content\/uploads\/2018\/05\/villafranca-3-768x768.jpg 768w, https:\/\/turismodeleon.com\/wp-content\/uploads\/2018\/05\/villafranca-3-1024x1024.jpg 1024w, https:\/\/turismodeleon.com\/wp-content\/uploads\/2018\/05\/villafranca-3-600x600.jpg 600w, https:\/\/turismodeleon.com\/wp-content\/uploads\/2018\/05\/villafranca-3-900x900.jpg 900w, https:\/\/turismodeleon.com\/wp-content\/uploads\/2018\/05\/villafranca-3-450x450.jpg 450w\" alt=\"\" width=\"300\" height=\"300\" \/><\/div>\n<\/div>\n<div class=\"portfolio-hover-item\">\n<div class=\"portfolio-overlay-color\"><\/div>\n<div class=\"portfolio-overlay-border\"><\/div>\n<p><a class=\"portfolio-hover-item-link\" href=\"https:\/\/turismodeleon.com\/it\/portfolio\/villafranca-del-bierzo\/\">\u00a0<\/a><\/p>\n<div class=\"portfolio-hover-item-inner\"><\/div>\n<\/div>\n<\/div>\n<div class=\"portfolio-poststyle-content postclass\">\n<h5 class=\"portfolio-loop-title\">Villafranca Del Bierzo<\/h5>\n<p>&nbsp;<\/p>\n<\/div>\n<\/div>\n<\/div>\n<\/div>\n<p><!--portfoliowrapper--><\/p>\n<\/div>\n<p><!--portfoliowrapper-outer--><\/p>\n<\/div>\n","protected":false},"excerpt":{"rendered":"<p>TURISMO DE LE\u00d3N Routes and itineraries \u00a0 Las M\u00e9dulas &nbsp; \u00a0 Le\u00f3n &nbsp; \u00a0 Ponferrada &nbsp; \u00a0 Astorga e Maragater\u00eda &nbsp; \u00a0 Villafranca Del Bierzo &nbsp;<\/p>\n","protected":false},"author":1,"featured_media":0,"parent":0,"menu_order":0,"comment_status":"closed","ping_status":"closed","template":"","meta":{"kt_blocks_editor_width":"","_exactmetrics_skip_tracking":false,"_exactmetrics_sitenote_active":false,"_exactmetrics_sitenote_note":"","_exactmetrics_sitenote_category":0,"footnotes":""},"class_list":["post-1534","page","type-page","status-publish","hentry"],"yoast_head":"<!-- This site is optimized with the Yoast SEO plugin v26.6 - https:\/\/yoast.com\/wordpress\/plugins\/seo\/ -->\n<title>Homepage - Turismo de Le\u00f3n<\/title>\n<meta name=\"robots\" content=\"index, follow, max-snippet:-1, max-image-preview:large, max-video-preview:-1\" \/>\n<link rel=\"canonical\" href=\"https:\/\/turismodeleon.com\/it\/\" \/>\n<meta property=\"og:locale\" content=\"it_IT\" \/>\n<meta property=\"og:type\" content=\"article\" \/>\n<meta property=\"og:title\" content=\"Homepage - Turismo de Le\u00f3n\" \/>\n<meta property=\"og:description\" content=\"TURISMO DE LE\u00d3N Routes and itineraries \u00a0 Las M\u00e9dulas &nbsp; \u00a0 Le\u00f3n &nbsp; \u00a0 Ponferrada &nbsp; \u00a0 Astorga e Maragater\u00eda &nbsp; \u00a0 Villafranca Del Bierzo &nbsp;\" \/>\n<meta property=\"og:url\" content=\"https:\/\/turismodeleon.com\/it\/\" \/>\n<meta property=\"og:site_name\" content=\"Turismo de Le\u00f3n\" \/>\n<meta property=\"article:modified_time\" content=\"2020-03-25T22:30:51+00:00\" \/>\n<meta property=\"og:image\" content=\"https:\/\/turismodeleon.com\/wp-content\/uploads\/2018\/05\/medulas-05-300x300.jpg\" \/>\n<meta name=\"twitter:card\" content=\"summary_large_image\" \/>\n<meta name=\"twitter:label1\" content=\"Tempo di lettura stimato\" \/>\n\t<meta name=\"twitter:data1\" content=\"1 minuto\" \/>\n<script type=\"application\/ld+json\" class=\"yoast-schema-graph\">{\"@context\":\"https:\/\/schema.org\",\"@graph\":[{\"@type\":\"WebPage\",\"@id\":\"https:\/\/turismodeleon.com\/it\/\",\"url\":\"https:\/\/turismodeleon.com\/it\/\",\"name\":\"Homepage - Turismo de Le\u00f3n\",\"isPartOf\":{\"@id\":\"https:\/\/turismodeleon.com\/it\/#website\"},\"primaryImageOfPage\":{\"@id\":\"https:\/\/turismodeleon.com\/it\/#primaryimage\"},\"image\":{\"@id\":\"https:\/\/turismodeleon.com\/it\/#primaryimage\"},\"thumbnailUrl\":\"https:\/\/turismodeleon.com\/wp-content\/uploads\/2018\/05\/medulas-05-300x300.jpg\",\"datePublished\":\"2019-01-15T12:47:12+00:00\",\"dateModified\":\"2020-03-25T22:30:51+00:00\",\"breadcrumb\":{\"@id\":\"https:\/\/turismodeleon.com\/it\/#breadcrumb\"},\"inLanguage\":\"it-IT\",\"potentialAction\":[{\"@type\":\"ReadAction\",\"target\":[\"https:\/\/turismodeleon.com\/it\/\"]}]},{\"@type\":\"ImageObject\",\"inLanguage\":\"it-IT\",\"@id\":\"https:\/\/turismodeleon.com\/it\/#primaryimage\",\"url\":\"https:\/\/turismodeleon.com\/wp-content\/uploads\/2018\/05\/medulas-05-300x300.jpg\",\"contentUrl\":\"https:\/\/turismodeleon.com\/wp-content\/uploads\/2018\/05\/medulas-05-300x300.jpg\"},{\"@type\":\"BreadcrumbList\",\"@id\":\"https:\/\/turismodeleon.com\/it\/#breadcrumb\",\"itemListElement\":[{\"@type\":\"ListItem\",\"position\":1,\"name\":\"Home\",\"item\":\"https:\/\/turismodeleon.com\/it\/\"},{\"@type\":\"ListItem\",\"position\":2,\"name\":\"Homepage\"}]},{\"@type\":\"WebSite\",\"@id\":\"https:\/\/turismodeleon.com\/it\/#website\",\"url\":\"https:\/\/turismodeleon.com\/it\/\",\"name\":\"Turismo de Le\u00f3n\",\"description\":\"\",\"publisher\":{\"@id\":\"https:\/\/turismodeleon.com\/it\/#organization\"},\"potentialAction\":[{\"@type\":\"SearchAction\",\"target\":{\"@type\":\"EntryPoint\",\"urlTemplate\":\"https:\/\/turismodeleon.com\/it\/?s={search_term_string}\"},\"query-input\":{\"@type\":\"PropertyValueSpecification\",\"valueRequired\":true,\"valueName\":\"search_term_string\"}}],\"inLanguage\":\"it-IT\"},{\"@type\":\"Organization\",\"@id\":\"https:\/\/turismodeleon.com\/it\/#organization\",\"name\":\"Turismo de Le\u00f3n\",\"url\":\"https:\/\/turismodeleon.com\/it\/\",\"logo\":{\"@type\":\"ImageObject\",\"inLanguage\":\"it-IT\",\"@id\":\"https:\/\/turismodeleon.com\/it\/#\/schema\/logo\/image\/\",\"url\":\"https:\/\/turismodeleon.com\/wp-content\/uploads\/2018\/05\/logo.png\",\"contentUrl\":\"https:\/\/turismodeleon.com\/wp-content\/uploads\/2018\/05\/logo.png\",\"width\":2095,\"height\":2101,\"caption\":\"Turismo de Le\u00f3n\"},\"image\":{\"@id\":\"https:\/\/turismodeleon.com\/it\/#\/schema\/logo\/image\/\"}}]}<\/script>\n<!-- \/ Yoast SEO plugin. -->","yoast_head_json":{"title":"Homepage - Turismo de Le\u00f3n","robots":{"index":"index","follow":"follow","max-snippet":"max-snippet:-1","max-image-preview":"max-image-preview:large","max-video-preview":"max-video-preview:-1"},"canonical":"https:\/\/turismodeleon.com\/it\/","og_locale":"it_IT","og_type":"article","og_title":"Homepage - Turismo de Le\u00f3n","og_description":"TURISMO DE LE\u00d3N Routes and itineraries \u00a0 Las M\u00e9dulas &nbsp; \u00a0 Le\u00f3n &nbsp; \u00a0 Ponferrada &nbsp; \u00a0 Astorga e Maragater\u00eda &nbsp; \u00a0 Villafranca Del Bierzo &nbsp;","og_url":"https:\/\/turismodeleon.com\/it\/","og_site_name":"Turismo de Le\u00f3n","article_modified_time":"2020-03-25T22:30:51+00:00","og_image":[{"url":"https:\/\/turismodeleon.com\/wp-content\/uploads\/2018\/05\/medulas-05-300x300.jpg","type":"","width":"","height":""}],"twitter_card":"summary_large_image","twitter_misc":{"Tempo di lettura stimato":"1 minuto"},"schema":{"@context":"https:\/\/schema.org","@graph":[{"@type":"WebPage","@id":"https:\/\/turismodeleon.com\/it\/","url":"https:\/\/turismodeleon.com\/it\/","name":"Homepage - Turismo de Le\u00f3n","isPartOf":{"@id":"https:\/\/turismodeleon.com\/it\/#website"},"primaryImageOfPage":{"@id":"https:\/\/turismodeleon.com\/it\/#primaryimage"},"image":{"@id":"https:\/\/turismodeleon.com\/it\/#primaryimage"},"thumbnailUrl":"https:\/\/turismodeleon.com\/wp-content\/uploads\/2018\/05\/medulas-05-300x300.jpg","datePublished":"2019-01-15T12:47:12+00:00","dateModified":"2020-03-25T22:30:51+00:00","breadcrumb":{"@id":"https:\/\/turismodeleon.com\/it\/#breadcrumb"},"inLanguage":"it-IT","potentialAction":[{"@type":"ReadAction","target":["https:\/\/turismodeleon.com\/it\/"]}]},{"@type":"ImageObject","inLanguage":"it-IT","@id":"https:\/\/turismodeleon.com\/it\/#primaryimage","url":"https:\/\/turismodeleon.com\/wp-content\/uploads\/2018\/05\/medulas-05-300x300.jpg","contentUrl":"https:\/\/turismodeleon.com\/wp-content\/uploads\/2018\/05\/medulas-05-300x300.jpg"},{"@type":"BreadcrumbList","@id":"https:\/\/turismodeleon.com\/it\/#breadcrumb","itemListElement":[{"@type":"ListItem","position":1,"name":"Home","item":"https:\/\/turismodeleon.com\/it\/"},{"@type":"ListItem","position":2,"name":"Homepage"}]},{"@type":"WebSite","@id":"https:\/\/turismodeleon.com\/it\/#website","url":"https:\/\/turismodeleon.com\/it\/","name":"Turismo de Le\u00f3n","description":"","publisher":{"@id":"https:\/\/turismodeleon.com\/it\/#organization"},"potentialAction":[{"@type":"SearchAction","target":{"@type":"EntryPoint","urlTemplate":"https:\/\/turismodeleon.com\/it\/?s={search_term_string}"},"query-input":{"@type":"PropertyValueSpecification","valueRequired":true,"valueName":"search_term_string"}}],"inLanguage":"it-IT"},{"@type":"Organization","@id":"https:\/\/turismodeleon.com\/it\/#organization","name":"Turismo de Le\u00f3n","url":"https:\/\/turismodeleon.com\/it\/","logo":{"@type":"ImageObject","inLanguage":"it-IT","@id":"https:\/\/turismodeleon.com\/it\/#\/schema\/logo\/image\/","url":"https:\/\/turismodeleon.com\/wp-content\/uploads\/2018\/05\/logo.png","contentUrl":"https:\/\/turismodeleon.com\/wp-content\/uploads\/2018\/05\/logo.png","width":2095,"height":2101,"caption":"Turismo de Le\u00f3n"},"image":{"@id":"https:\/\/turismodeleon.com\/it\/#\/schema\/logo\/image\/"}}]}},"_links":{"self":[{"href":"https:\/\/turismodeleon.com\/it\/wp-json\/wp\/v2\/pages\/1534","targetHints":{"allow":["GET"]}}],"collection":[{"href":"https:\/\/turismodeleon.com\/it\/wp-json\/wp\/v2\/pages"}],"about":[{"href":"https:\/\/turismodeleon.com\/it\/wp-json\/wp\/v2\/types\/page"}],"author":[{"embeddable":true,"href":"https:\/\/turismodeleon.com\/it\/wp-json\/wp\/v2\/users\/1"}],"replies":[{"embeddable":true,"href":"https:\/\/turismodeleon.com\/it\/wp-json\/wp\/v2\/comments?post=1534"}],"version-history":[{"count":3,"href":"https:\/\/turismodeleon.com\/it\/wp-json\/wp\/v2\/pages\/1534\/revisions"}],"predecessor-version":[{"id":5654,"href":"https:\/\/turismodeleon.com\/it\/wp-json\/wp\/v2\/pages\/1534\/revisions\/5654"}],"wp:attachment":[{"href":"https:\/\/turismodeleon.com\/it\/wp-json\/wp\/v2\/media?parent=1534"}],"curies":[{"name":"wp","href":"https:\/\/api.w.org\/{rel}","templated":true}]}}