{"id":5698,"date":"2020-03-26T00:01:23","date_gmt":"2020-03-25T23:01:23","guid":{"rendered":"https:\/\/turismodeleon.com\/?page_id=5698"},"modified":"2024-09-04T20:42:43","modified_gmt":"2024-09-04T18:42:43","slug":"chi-siamo","status":"publish","type":"page","link":"https:\/\/turismodeleon.com\/it\/chi-siamo\/","title":{"rendered":"Chi siamo?"},"content":{"rendered":"<figure id=\"attachment_622\" aria-describedby=\"caption-attachment-622\" style=\"width: 202px\" class=\"wp-caption aligncenter\"><img loading=\"lazy\" decoding=\"async\" class=\"wp-image-622\" src=\"https:\/\/turismodeleon.com\/wp-content\/uploads\/2018\/05\/logo-dd9933-300x300.png\" alt=\"\" width=\"202\" height=\"202\" srcset=\"https:\/\/turismodeleon.com\/wp-content\/uploads\/2018\/05\/logo-dd9933-300x300.png 300w, https:\/\/turismodeleon.com\/wp-content\/uploads\/2018\/05\/logo-dd9933-100x100.png 100w, https:\/\/turismodeleon.com\/wp-content\/uploads\/2018\/05\/logo-dd9933-600x600.png 600w, https:\/\/turismodeleon.com\/wp-content\/uploads\/2018\/05\/logo-dd9933-150x150.png 150w, https:\/\/turismodeleon.com\/wp-content\/uploads\/2018\/05\/logo-dd9933-768x770.png 768w, https:\/\/turismodeleon.com\/wp-content\/uploads\/2018\/05\/logo-dd9933-1021x1024.png 1021w, https:\/\/turismodeleon.com\/wp-content\/uploads\/2018\/05\/logo-dd9933-152x152.png 152w, https:\/\/turismodeleon.com\/wp-content\/uploads\/2018\/05\/logo-dd9933-76x76.png 76w, https:\/\/turismodeleon.com\/wp-content\/uploads\/2018\/05\/logo-dd9933-50x50.png 50w, https:\/\/turismodeleon.com\/wp-content\/uploads\/2018\/05\/logo-dd9933.png 2095w\" sizes=\"auto, (max-width: 202px) 100vw, 202px\" \/><figcaption id=\"caption-attachment-622\" class=\"wp-caption-text\">TURISMO DE LE\u00d3N S. COOP C\/Renueva, 9 C.P. 24002 LE\u00d3N F24700957<\/figcaption><\/figure>\n<p style=\"text-align: center;\"><div class=\"row\"> <div class=\"col-md-4\">\n<h4 style=\"text-align: center;\">Lu\u00eds Felipe Alonso<\/h4>\n<p style=\"text-align: center;\"><img loading=\"lazy\" decoding=\"async\" class=\"alignnone size-medium wp-image-423\" src=\"https:\/\/turismodeleon.com\/wp-content\/uploads\/2018\/05\/nosotros_02-300x300.jpg\" alt=\"\" width=\"300\" height=\"300\" srcset=\"https:\/\/turismodeleon.com\/wp-content\/uploads\/2018\/05\/nosotros_02-300x300.jpg 300w, https:\/\/turismodeleon.com\/wp-content\/uploads\/2018\/05\/nosotros_02-100x100.jpg 100w, https:\/\/turismodeleon.com\/wp-content\/uploads\/2018\/05\/nosotros_02-600x600.jpg 600w, https:\/\/turismodeleon.com\/wp-content\/uploads\/2018\/05\/nosotros_02-150x150.jpg 150w, https:\/\/turismodeleon.com\/wp-content\/uploads\/2018\/05\/nosotros_02.jpg 640w\" sizes=\"auto, (max-width: 300px) 100vw, 300px\" \/><\/p>\n<p style=\"text-align: center;\">Gu\u00eda tur\u00edstico oficial habilitado por la Junta de Castilla y Le\u00f3n.<br \/>\nTour Leader internacional.<br \/>\nDepartamento de Reservas individuales, circuitos y agencias espa\u00f1olas.<\/p>\n<p style=\"text-align: center;\">tlf. 0034 616 746 722<br \/>\n<\/div><div class=\"col-md-4\">\n<h4 style=\"text-align: center;\">Mar\u00eda del Carmen Calleja<\/h4>\n<p style=\"text-align: center;\"><img loading=\"lazy\" decoding=\"async\" class=\"alignnone size-medium wp-image-424\" src=\"https:\/\/turismodeleon.com\/wp-content\/uploads\/2018\/05\/nosotros_03-300x300.jpg\" alt=\"\" width=\"300\" height=\"300\" srcset=\"https:\/\/turismodeleon.com\/wp-content\/uploads\/2018\/05\/nosotros_03-300x300.jpg 300w, https:\/\/turismodeleon.com\/wp-content\/uploads\/2018\/05\/nosotros_03-100x100.jpg 100w, https:\/\/turismodeleon.com\/wp-content\/uploads\/2018\/05\/nosotros_03-600x600.jpg 600w, https:\/\/turismodeleon.com\/wp-content\/uploads\/2018\/05\/nosotros_03-150x150.jpg 150w, https:\/\/turismodeleon.com\/wp-content\/uploads\/2018\/05\/nosotros_03.jpg 640w\" sizes=\"auto, (max-width: 300px) 100vw, 300px\" \/><\/p>\n<p style=\"text-align: center;\">Gu\u00eda tur\u00edstico oficial habilitada por la Junta de Castilla y Le\u00f3n.<br \/>\nResponsable de marketing, congresos y convenciones.<br \/>\nDepartamento de Reservas idioma alem\u00e1n<\/p>\n<p style=\"text-align: center;\">tlf. 0034 610 804 034<br \/>\n<\/div><\/div>\n<p style=\"text-align: center;\"><div class=\"row\"><\/div>\n<p>&nbsp;<\/p>\n","protected":false},"excerpt":{"rendered":"<p>&nbsp;<\/p>\n","protected":false},"author":1,"featured_media":0,"parent":0,"menu_order":0,"comment_status":"closed","ping_status":"closed","template":"","meta":{"kt_blocks_editor_width":"","_exactmetrics_skip_tracking":false,"_exactmetrics_sitenote_active":false,"_exactmetrics_sitenote_note":"","_exactmetrics_sitenote_category":0,"footnotes":""},"class_list":["post-5698","page","type-page","status-publish","hentry"],"yoast_head":"<!-- This site is optimized with the Yoast SEO plugin v26.6 - https:\/\/yoast.com\/wordpress\/plugins\/seo\/ -->\n<title>Chi siamo? - Turismo de Le\u00f3n<\/title>\n<meta name=\"robots\" content=\"index, follow, max-snippet:-1, max-image-preview:large, max-video-preview:-1\" \/>\n<link rel=\"canonical\" href=\"https:\/\/turismodeleon.com\/it\/chi-siamo\/\" \/>\n<meta property=\"og:locale\" content=\"it_IT\" \/>\n<meta property=\"og:type\" content=\"article\" \/>\n<meta property=\"og:title\" content=\"Chi siamo? - Turismo de Le\u00f3n\" \/>\n<meta property=\"og:description\" content=\"&nbsp;\" \/>\n<meta property=\"og:url\" content=\"https:\/\/turismodeleon.com\/it\/chi-siamo\/\" \/>\n<meta property=\"og:site_name\" content=\"Turismo de Le\u00f3n\" \/>\n<meta property=\"article:modified_time\" content=\"2024-09-04T18:42:43+00:00\" \/>\n<meta property=\"og:image\" content=\"https:\/\/turismodeleon.com\/wp-content\/uploads\/2018\/05\/logo-dd9933-300x300.png\" \/>\n<meta name=\"twitter:card\" content=\"summary_large_image\" \/>\n<meta name=\"twitter:label1\" content=\"Tempo di lettura stimato\" \/>\n\t<meta name=\"twitter:data1\" content=\"1 minuto\" \/>\n<script type=\"application\/ld+json\" class=\"yoast-schema-graph\">{\"@context\":\"https:\/\/schema.org\",\"@graph\":[{\"@type\":\"WebPage\",\"@id\":\"https:\/\/turismodeleon.com\/it\/chi-siamo\/\",\"url\":\"https:\/\/turismodeleon.com\/it\/chi-siamo\/\",\"name\":\"Chi siamo? - Turismo de Le\u00f3n\",\"isPartOf\":{\"@id\":\"https:\/\/turismodeleon.com\/it\/#website\"},\"primaryImageOfPage\":{\"@id\":\"https:\/\/turismodeleon.com\/it\/chi-siamo\/#primaryimage\"},\"image\":{\"@id\":\"https:\/\/turismodeleon.com\/it\/chi-siamo\/#primaryimage\"},\"thumbnailUrl\":\"https:\/\/turismodeleon.com\/wp-content\/uploads\/2018\/05\/logo-dd9933-300x300.png\",\"datePublished\":\"2020-03-25T23:01:23+00:00\",\"dateModified\":\"2024-09-04T18:42:43+00:00\",\"breadcrumb\":{\"@id\":\"https:\/\/turismodeleon.com\/it\/chi-siamo\/#breadcrumb\"},\"inLanguage\":\"it-IT\",\"potentialAction\":[{\"@type\":\"ReadAction\",\"target\":[\"https:\/\/turismodeleon.com\/it\/chi-siamo\/\"]}]},{\"@type\":\"ImageObject\",\"inLanguage\":\"it-IT\",\"@id\":\"https:\/\/turismodeleon.com\/it\/chi-siamo\/#primaryimage\",\"url\":\"https:\/\/turismodeleon.com\/wp-content\/uploads\/2018\/05\/logo-dd9933-300x300.png\",\"contentUrl\":\"https:\/\/turismodeleon.com\/wp-content\/uploads\/2018\/05\/logo-dd9933-300x300.png\"},{\"@type\":\"BreadcrumbList\",\"@id\":\"https:\/\/turismodeleon.com\/it\/chi-siamo\/#breadcrumb\",\"itemListElement\":[{\"@type\":\"ListItem\",\"position\":1,\"name\":\"Home\",\"item\":\"https:\/\/turismodeleon.com\/it\/\"},{\"@type\":\"ListItem\",\"position\":2,\"name\":\"Chi siamo?\"}]},{\"@type\":\"WebSite\",\"@id\":\"https:\/\/turismodeleon.com\/it\/#website\",\"url\":\"https:\/\/turismodeleon.com\/it\/\",\"name\":\"Turismo de Le\u00f3n\",\"description\":\"\",\"publisher\":{\"@id\":\"https:\/\/turismodeleon.com\/it\/#organization\"},\"potentialAction\":[{\"@type\":\"SearchAction\",\"target\":{\"@type\":\"EntryPoint\",\"urlTemplate\":\"https:\/\/turismodeleon.com\/it\/?s={search_term_string}\"},\"query-input\":{\"@type\":\"PropertyValueSpecification\",\"valueRequired\":true,\"valueName\":\"search_term_string\"}}],\"inLanguage\":\"it-IT\"},{\"@type\":\"Organization\",\"@id\":\"https:\/\/turismodeleon.com\/it\/#organization\",\"name\":\"Turismo de Le\u00f3n\",\"url\":\"https:\/\/turismodeleon.com\/it\/\",\"logo\":{\"@type\":\"ImageObject\",\"inLanguage\":\"it-IT\",\"@id\":\"https:\/\/turismodeleon.com\/it\/#\/schema\/logo\/image\/\",\"url\":\"https:\/\/turismodeleon.com\/wp-content\/uploads\/2018\/05\/logo.png\",\"contentUrl\":\"https:\/\/turismodeleon.com\/wp-content\/uploads\/2018\/05\/logo.png\",\"width\":2095,\"height\":2101,\"caption\":\"Turismo de Le\u00f3n\"},\"image\":{\"@id\":\"https:\/\/turismodeleon.com\/it\/#\/schema\/logo\/image\/\"}}]}<\/script>\n<!-- \/ Yoast SEO plugin. -->","yoast_head_json":{"title":"Chi siamo? - Turismo de Le\u00f3n","robots":{"index":"index","follow":"follow","max-snippet":"max-snippet:-1","max-image-preview":"max-image-preview:large","max-video-preview":"max-video-preview:-1"},"canonical":"https:\/\/turismodeleon.com\/it\/chi-siamo\/","og_locale":"it_IT","og_type":"article","og_title":"Chi siamo? - Turismo de Le\u00f3n","og_description":"&nbsp;","og_url":"https:\/\/turismodeleon.com\/it\/chi-siamo\/","og_site_name":"Turismo de Le\u00f3n","article_modified_time":"2024-09-04T18:42:43+00:00","og_image":[{"url":"https:\/\/turismodeleon.com\/wp-content\/uploads\/2018\/05\/logo-dd9933-300x300.png","type":"","width":"","height":""}],"twitter_card":"summary_large_image","twitter_misc":{"Tempo di lettura stimato":"1 minuto"},"schema":{"@context":"https:\/\/schema.org","@graph":[{"@type":"WebPage","@id":"https:\/\/turismodeleon.com\/it\/chi-siamo\/","url":"https:\/\/turismodeleon.com\/it\/chi-siamo\/","name":"Chi siamo? - Turismo de Le\u00f3n","isPartOf":{"@id":"https:\/\/turismodeleon.com\/it\/#website"},"primaryImageOfPage":{"@id":"https:\/\/turismodeleon.com\/it\/chi-siamo\/#primaryimage"},"image":{"@id":"https:\/\/turismodeleon.com\/it\/chi-siamo\/#primaryimage"},"thumbnailUrl":"https:\/\/turismodeleon.com\/wp-content\/uploads\/2018\/05\/logo-dd9933-300x300.png","datePublished":"2020-03-25T23:01:23+00:00","dateModified":"2024-09-04T18:42:43+00:00","breadcrumb":{"@id":"https:\/\/turismodeleon.com\/it\/chi-siamo\/#breadcrumb"},"inLanguage":"it-IT","potentialAction":[{"@type":"ReadAction","target":["https:\/\/turismodeleon.com\/it\/chi-siamo\/"]}]},{"@type":"ImageObject","inLanguage":"it-IT","@id":"https:\/\/turismodeleon.com\/it\/chi-siamo\/#primaryimage","url":"https:\/\/turismodeleon.com\/wp-content\/uploads\/2018\/05\/logo-dd9933-300x300.png","contentUrl":"https:\/\/turismodeleon.com\/wp-content\/uploads\/2018\/05\/logo-dd9933-300x300.png"},{"@type":"BreadcrumbList","@id":"https:\/\/turismodeleon.com\/it\/chi-siamo\/#breadcrumb","itemListElement":[{"@type":"ListItem","position":1,"name":"Home","item":"https:\/\/turismodeleon.com\/it\/"},{"@type":"ListItem","position":2,"name":"Chi siamo?"}]},{"@type":"WebSite","@id":"https:\/\/turismodeleon.com\/it\/#website","url":"https:\/\/turismodeleon.com\/it\/","name":"Turismo de Le\u00f3n","description":"","publisher":{"@id":"https:\/\/turismodeleon.com\/it\/#organization"},"potentialAction":[{"@type":"SearchAction","target":{"@type":"EntryPoint","urlTemplate":"https:\/\/turismodeleon.com\/it\/?s={search_term_string}"},"query-input":{"@type":"PropertyValueSpecification","valueRequired":true,"valueName":"search_term_string"}}],"inLanguage":"it-IT"},{"@type":"Organization","@id":"https:\/\/turismodeleon.com\/it\/#organization","name":"Turismo de Le\u00f3n","url":"https:\/\/turismodeleon.com\/it\/","logo":{"@type":"ImageObject","inLanguage":"it-IT","@id":"https:\/\/turismodeleon.com\/it\/#\/schema\/logo\/image\/","url":"https:\/\/turismodeleon.com\/wp-content\/uploads\/2018\/05\/logo.png","contentUrl":"https:\/\/turismodeleon.com\/wp-content\/uploads\/2018\/05\/logo.png","width":2095,"height":2101,"caption":"Turismo de Le\u00f3n"},"image":{"@id":"https:\/\/turismodeleon.com\/it\/#\/schema\/logo\/image\/"}}]}},"_links":{"self":[{"href":"https:\/\/turismodeleon.com\/it\/wp-json\/wp\/v2\/pages\/5698","targetHints":{"allow":["GET"]}}],"collection":[{"href":"https:\/\/turismodeleon.com\/it\/wp-json\/wp\/v2\/pages"}],"about":[{"href":"https:\/\/turismodeleon.com\/it\/wp-json\/wp\/v2\/types\/page"}],"author":[{"embeddable":true,"href":"https:\/\/turismodeleon.com\/it\/wp-json\/wp\/v2\/users\/1"}],"replies":[{"embeddable":true,"href":"https:\/\/turismodeleon.com\/it\/wp-json\/wp\/v2\/comments?post=5698"}],"version-history":[{"count":3,"href":"https:\/\/turismodeleon.com\/it\/wp-json\/wp\/v2\/pages\/5698\/revisions"}],"predecessor-version":[{"id":14818,"href":"https:\/\/turismodeleon.com\/it\/wp-json\/wp\/v2\/pages\/5698\/revisions\/14818"}],"wp:attachment":[{"href":"https:\/\/turismodeleon.com\/it\/wp-json\/wp\/v2\/media?parent=5698"}],"curies":[{"name":"wp","href":"https:\/\/api.w.org\/{rel}","templated":true}]}}